{"id":29909,"date":"2020-08-26T14:43:33","date_gmt":"2020-08-26T14:43:33","guid":{"rendered":"https:\/\/www.airstreet.dz\/?page_id=29909"},"modified":"2021-07-16T13:53:56","modified_gmt":"2021-07-16T13:53:56","slug":"termes-et-conditions","status":"publish","type":"page","link":"https:\/\/peakalgerie.com\/ar\/termes-et-conditions\/","title":{"rendered":"\u0627\u0644\u0623\u062d\u0643\u0627\u0645 \u0648\u0627\u0644\u0634\u0631\u0648\u0637"},"content":{"rendered":"<div data-elementor-type=\"wp-page\" data-elementor-id=\"29909\" class=\"elementor elementor-29909\" data-elementor-post-type=\"page\">\n\t\t\t\t\t\t<section class=\"wd-negative-gap elementor-section elementor-top-section elementor-element elementor-element-1d217ea elementor-section-boxed elementor-section-height-default elementor-section-height-default\" data-id=\"1d217ea\" data-element_type=\"section\">\n\t\t\t\t\t\t<div class=\"elementor-container elementor-column-gap-default\">\n\t\t\t\t\t<div class=\"elementor-column elementor-col-100 elementor-top-column elementor-element elementor-element-60fc2ea\" data-id=\"60fc2ea\" data-element_type=\"column\">\n\t\t\t<div class=\"elementor-widget-wrap elementor-element-populated\">\n\t\t\t\t\t\t<div class=\"elementor-element elementor-element-e7a163e elementor-widget elementor-widget-heading\" data-id=\"e7a163e\" data-element_type=\"widget\" data-widget_type=\"heading.default\">\n\t\t\t\t<div class=\"elementor-widget-container\">\n\t\t\t\t\t<h2 class=\"elementor-heading-title elementor-size-default\">\u0627\u0644\u0623\u062d\u0643\u0627\u0645 \u0648\u0627\u0644\u0634\u0631\u0648\u0637<\/h2>\t\t\t\t<\/div>\n\t\t\t\t<\/div>\n\t\t\t\t<div class=\"elementor-element elementor-element-3f17275 elementor-widget elementor-widget-heading\" data-id=\"3f17275\" data-element_type=\"widget\" data-widget_type=\"heading.default\">\n\t\t\t\t<div class=\"elementor-widget-container\">\n\t\t\t\t\t<div class=\"elementor-heading-title elementor-size-default\">\u062a\u062e\u0636\u0639 \u0647\u0630\u0647 \u0627\u0644\u0634\u0631\u0648\u0637 \u0627\u0644\u0639\u0627\u0645\u0629 \u0644\u0644\u0642\u0627\u0646\u0648\u0646 \u0627\u0644\u062c\u0632\u0627\u0626\u0631\u064a.<\/div>\t\t\t\t<\/div>\n\t\t\t\t<\/div>\n\t\t\t\t<div class=\"elementor-element elementor-element-5f49bb3 color-scheme-inherit text-left elementor-widget elementor-widget-text-editor\" data-id=\"5f49bb3\" data-element_type=\"widget\" data-widget_type=\"text-editor.default\">\n\t\t\t\t<div class=\"elementor-widget-container\">\n\t\t\t\t\t\t\t\t\t<blockquote style=\"text-align: justify;\"><span style=\"color: #000000;\">\u064a\u062a\u0645 \u062a\u0642\u062f\u064a\u0645 \u0645\u0642\u0627\u0644\u0627\u062a\u0646\u0627 \u0628\u0642\u062f\u0631 \u0645\u0627 \u062a\u0643\u0648\u0646 \u0645\u0631\u0626\u064a\u0629 \u0639\u0644\u0649 \u0627\u0644\u0645\u0648\u0642\u0639 \u0648\u0641\u064a \u062d\u062f\u0648\u062f \u0627\u0644\u0645\u062e\u0632\u0648\u0646 \u0627\u0644\u0645\u062a\u0627\u062d. \u0628\u0627\u0644\u0646\u0633\u0628\u0629 \u0644\u0644\u0639\u0646\u0627\u0635\u0631 \u063a\u064a\u0631 \u0627\u0644\u0645\u0648\u062c\u0648\u062f\u0629 \u0641\u064a \u0627\u0644\u0645\u062e\u0627\u0632\u0646 \u060c \u0641\u0625\u0646 \u0639\u0631\u0648\u0636\u0646\u0627 \u0635\u0627\u0644\u062d\u0629 \u062d\u0633\u0628 \u062a\u0648\u0641\u0631\u0647\u0627 \u0645\u0646 \u0645\u0648\u0631\u062f\u064a\u0646\u0627. \u0625\u0630\u0627 \u0643\u0627\u0646 \u0627\u0644\u0645\u0646\u062a\u062c \u063a\u064a\u0631 \u0645\u062a\u0627\u062d \u0628\u0639\u062f \u062a\u0642\u062f\u064a\u0645 \u0637\u0644\u0628\u0643 \u060c \u0641\u0633\u0646\u062e\u0637\u0631\u0643 \u0639\u0628\u0631 \u0627\u0644\u0647\u0627\u062a\u0641 \u0648\u0633\u064a\u062a\u0645 \u0625\u0644\u063a\u0627\u0621 \u0637\u0644\u0628\u0643 \u062a\u0644\u0642\u0627\u0626\u064a\u064b\u0627.<\/span><\/blockquote>\n<blockquote><span style=\"color: #000000;\">\u0633\u064a\u062a\u0645 \u0625\u0631\u0633\u0627\u0644 \u0627\u0644\u0623\u0633\u0645\u0627\u0621 \u0648\u0627\u0644\u0623\u0644\u0642\u0627\u0628 \u0648\u0627\u0644\u0639\u0646\u0627\u0648\u064a\u0646 \u0648\u0623\u0631\u0642\u0627\u0645 \u0627\u0644\u0647\u0648\u0627\u062a\u0641 \u0625\u0644\u0649 \u0645\u0632\u0648\u062f \u062e\u062f\u0645\u0629 \u0627\u0644\u062a\u0648\u0635\u064a\u0644 \u0644\u0636\u0645\u0627\u0646 \u0627\u0633\u062a\u0644\u0627\u0645 \u0627\u0644\u0645\u0646\u062a\u062c \u0645\u0646 \u0642\u0628\u0644 \u0627\u0644\u0634\u062e\u0635 \u0627\u0644\u0635\u062d\u064a\u062d.<\/span><\/blockquote>\n<blockquote style=\"text-align: justify;\"><span style=\"color: #000000;\">\u0623\u064a \u062a\u0623\u0643\u064a\u062f \u0644\u0644\u0637\u0644\u0628 \u064a\u0639\u0646\u064a \u0645\u0648\u0627\u0641\u0642\u062a\u0643 \u0627\u0644\u0643\u0627\u0645\u0644\u0629 \u0639\u0644\u0649 \u0634\u0631\u0648\u0637 \u0627\u0644\u0628\u064a\u0639 \u0627\u0644\u0639\u0627\u0645\u0629 \u0647\u0630\u0647 \u060c \u062f\u0648\u0646 \u0627\u0633\u062a\u062b\u0646\u0627\u0621 \u0623\u0648 \u062a\u062d\u0641\u0638. \u062c\u0645\u064a\u0639 \u0627\u0644\u0628\u064a\u0627\u0646\u0627\u062a \u0627\u0644\u0645\u0642\u062f\u0645\u0629 \u0648\u0627\u0644\u0645\u0633\u062c\u0644\u0629 \u060c \u0633\u064a\u0643\u0648\u0646 \u0627\u0644\u062a\u0623\u0643\u064a\u062f \u0628\u0645\u062b\u0627\u0628\u0629 \u062f\u0644\u064a\u0644 \u0639\u0644\u0649 \u0627\u0644\u0645\u0639\u0627\u0645\u0644\u0629.<\/span><\/blockquote> <blockquote style=\"text-align: justify;\"&gt;\n<blockquote><span style=\"color: #000000;\">\u0633\u064a\u0643\u0648\u0646 \u062a\u0623\u0643\u064a\u062f \u0627\u0644\u0637\u0644\u0628 \u064a\u0633\u062a\u062d\u0642 \u0627\u0644\u062a\u0648\u0642\u064a\u0639 \u0648\u0642\u0628\u0648\u0644 \u0627\u0644\u0639\u0645\u0644\u064a\u0627\u062a \u0627\u0644\u0645\u0646\u0641\u0630\u0629.<\/span><\/blockquote>\n<blockquote><span style=\"color: #000000;\">\u0623\u064a \u0637\u0644\u0628 \u064a\u0638\u0647\u0631 \u0639\u0644\u0649 \u0627\u0644\u0645\u0648\u0642\u0639 \u064a\u0639\u0646\u064a \u0642\u0628\u0648\u0644 \u0647\u0630\u0647 \u0627\u0644\u0634\u0631\u0648\u0637 \u0627\u0644\u0639\u0627\u0645\u0629.<\/span><\/blockquote>\n<blockquote><span style=\"color: #000000;\">\u0623\u064a \u0645\u0639\u0644\u0648\u0645\u0627\u062a \u062e\u0627\u0637\u0626\u0629 \u0633\u062a\u0624\u062f\u064a \u0625\u0644\u0649 \u0625\u0644\u063a\u0627\u0621 \u0627\u0644\u0637\u0644\u0628.<\/span><\/blockquote>\n<blockquote style=\"text-align: justify;\"><span style=\"color: #000000;\">\u062a\u062d\u062a\u0641\u0638 AIR STREET \u0628\u0627\u0644\u062d\u0642 \u0641\u064a \u062a\u063a\u064a\u064a\u0631 \u0623\u0648 \u062a\u0639\u062f\u064a\u0644 \u0647\u0630\u0647 \u0627\u0644\u0634\u0631\u0648\u0637 \u0627\u0644\u0639\u0627\u0645\u0629 \u0641\u064a \u0623\u064a \u0648\u0642\u062a \u060c \u062f\u0648\u0646 \u0625\u0634\u0639\u0627\u0631 \u0648\u062f\u0648\u0646 \u0623\u064a \u062a\u0642\u064a\u064a\u0645.<\/span><\/blockquote>\n\t\t\t\t\t\t\t\t<\/div>\n\t\t\t\t<\/div>\n\t\t\t\t\t<\/div>\n\t\t<\/div>\n\t\t\t\t\t<\/div>\n\t\t<\/section>\n\t\t\t\t<section class=\"wd-negative-gap elementor-section elementor-top-section elementor-element elementor-element-d82de8a elementor-section-stretched elementor-section-boxed elementor-section-height-default elementor-section-height-default\" data-id=\"d82de8a\" data-element_type=\"section\" data-settings=\"{&quot;stretch_section&quot;:&quot;section-stretched&quot;,&quot;background_background&quot;:&quot;classic&quot;}\">\n\t\t\t\t\t\t\t<div class=\"elementor-background-overlay\"><\/div>\n\t\t\t\t\t\t\t<div class=\"elementor-container elementor-column-gap-default\">\n\t\t\t\t\t<div class=\"elementor-column elementor-col-100 elementor-top-column elementor-element elementor-element-bbc41d0\" data-id=\"bbc41d0\" data-element_type=\"column\">\n\t\t\t<div class=\"elementor-widget-wrap elementor-element-populated\">\n\t\t\t\t\t\t<div class=\"elementor-element elementor-element-5a7a547 elementor-widget elementor-widget-heading\" data-id=\"5a7a547\" data-element_type=\"widget\" data-widget_type=\"heading.default\">\n\t\t\t\t<div class=\"elementor-widget-container\">\n\t\t\t\t\t<h2 class=\"elementor-heading-title elementor-size-default\">\u0647\u0644 \u062a\u0631\u064a\u062f \u0623\u0646 \u062a\u0639\u0631\u0641 \u0645\u0646 \u0646\u062d\u0646\u061f\n<\/h2>\t\t\t\t<\/div>\n\t\t\t\t<\/div>\n\t\t\t\t<div class=\"elementor-element elementor-element-a3a9fe8 elementor-widget-divider--view-line elementor-widget elementor-widget-divider\" data-id=\"a3a9fe8\" data-element_type=\"widget\" data-widget_type=\"divider.default\">\n\t\t\t\t<div class=\"elementor-widget-container\">\n\t\t\t\t\t\t\t<div class=\"elementor-divider\">\n\t\t\t<span class=\"elementor-divider-separator\">\n\t\t\t\t\t\t<\/span>\n\t\t<\/div>\n\t\t\t\t\t\t<\/div>\n\t\t\t\t<\/div>\n\t\t\t\t<div class=\"elementor-element elementor-element-5552f35 elementor-button-danger elementor-align-center elementor-widget elementor-widget-button\" data-id=\"5552f35\" data-element_type=\"widget\" data-widget_type=\"button.default\">\n\t\t\t\t<div class=\"elementor-widget-container\">\n\t\t\t\t\t\t\t\t\t<div class=\"elementor-button-wrapper\">\n\t\t\t\t\t<a class=\"elementor-button elementor-button-link elementor-size-sm\" href=\"https:\/\/peakalgerie.com\/ar\/a-propos\/\">\n\t\t\t\t\t\t<span class=\"elementor-button-content-wrapper\">\n\t\t\t\t\t\t\t\t\t<span class=\"elementor-button-text\">\u0627\u0643\u062a\u0634\u0641 \u0627\u0644\u0623\u0646<\/span>\n\t\t\t\t\t<\/span>\n\t\t\t\t\t<\/a>\n\t\t\t\t<\/div>\n\t\t\t\t\t\t\t\t<\/div>\n\t\t\t\t<\/div>\n\t\t\t\t\t<\/div>\n\t\t<\/div>\n\t\t\t\t\t<\/div>\n\t\t<\/section>\n\t\t\t\t<\/div>","protected":false},"excerpt":{"rendered":"<p>Termes et conditions Les pr\u00e9sentes conditions g\u00e9n\u00e9rales sont soumises \u00e0 la loi Alg\u00e9rienne. Nos articles sont propos\u00e9s dans la mesure<\/p>","protected":false},"author":1168,"featured_media":0,"parent":0,"menu_order":0,"comment_status":"closed","ping_status":"closed","template":"","meta":{"footnotes":""},"class_list":["post-29909","page","type-page","status-publish","hentry"],"yoast_head":"<!-- This site is optimized with the Yoast SEO plugin v24.2 - https:\/\/yoast.com\/wordpress\/plugins\/seo\/ -->\n<title>Termes et conditions - Peak Sport Alg\u00e9rie<\/title>\n<meta name=\"description\" content=\"Nos termes et nos conditions \u00e0 AIR STREET.\" \/>\n<meta name=\"robots\" content=\"index, follow, max-snippet:-1, max-image-preview:large, max-video-preview:-1\" \/>\n<link rel=\"canonical\" href=\"https:\/\/peakalgerie.com\/ar\/termes-et-conditions\/\" \/>\n<meta property=\"og:locale\" content=\"ar_AR\" \/>\n<meta property=\"og:type\" content=\"article\" \/>\n<meta property=\"og:title\" content=\"Termes et conditions - Peak Sport Alg\u00e9rie\" \/>\n<meta property=\"og:description\" content=\"Nos termes et nos conditions \u00e0 AIR STREET.\" \/>\n<meta property=\"og:url\" content=\"https:\/\/peakalgerie.com\/ar\/termes-et-conditions\/\" \/>\n<meta property=\"og:site_name\" content=\"Peak Sport Alg\u00e9rie\" \/>\n<meta property=\"article:publisher\" content=\"https:\/\/www.facebook.com\/AIRSTREETDZ\/\" \/>\n<meta property=\"article:modified_time\" content=\"2021-07-16T13:53:56+00:00\" \/>\n<meta name=\"twitter:card\" content=\"summary_large_image\" \/>\n<meta name=\"twitter:label1\" content=\"\u0648\u0642\u062a \u0627\u0644\u0642\u0631\u0627\u0621\u0629 \u0627\u0644\u0645\u064f\u0642\u062f\u0651\u0631\" \/>\n\t<meta name=\"twitter:data1\" content=\"\u062f\u0642\u064a\u0642\u0629 \u0648\u0627\u062d\u062f\u0629\" \/>\n<script type=\"application\/ld+json\" class=\"yoast-schema-graph\">{\"@context\":\"https:\/\/schema.org\",\"@graph\":[{\"@type\":\"WebPage\",\"@id\":\"https:\/\/peakalgerie.com\/fr\/termes-et-conditions\/\",\"url\":\"https:\/\/peakalgerie.com\/fr\/termes-et-conditions\/\",\"name\":\"Termes et conditions - Peak Sport Alg\u00e9rie\",\"isPartOf\":{\"@id\":\"https:\/\/peakalgerie.com\/fr\/#website\"},\"datePublished\":\"2020-08-26T14:43:33+00:00\",\"dateModified\":\"2021-07-16T13:53:56+00:00\",\"description\":\"Nos termes et nos conditions \u00e0 AIR STREET.\",\"breadcrumb\":{\"@id\":\"https:\/\/peakalgerie.com\/fr\/termes-et-conditions\/#breadcrumb\"},\"inLanguage\":\"ar\",\"potentialAction\":[{\"@type\":\"ReadAction\",\"target\":[\"https:\/\/peakalgerie.com\/fr\/termes-et-conditions\/\"]}]},{\"@type\":\"BreadcrumbList\",\"@id\":\"https:\/\/peakalgerie.com\/fr\/termes-et-conditions\/#breadcrumb\",\"itemListElement\":[{\"@type\":\"ListItem\",\"position\":1,\"name\":\"Accueil\",\"item\":\"https:\/\/peakalgerie.com\/fr\/\"},{\"@type\":\"ListItem\",\"position\":2,\"name\":\"Termes et conditions\"}]},{\"@type\":\"WebSite\",\"@id\":\"https:\/\/peakalgerie.com\/fr\/#website\",\"url\":\"https:\/\/peakalgerie.com\/fr\/\",\"name\":\"Peak Sport Alg\u00e9rie\",\"description\":\"Peak Sports : Top Performance\",\"publisher\":{\"@id\":\"https:\/\/peakalgerie.com\/fr\/#organization\"},\"potentialAction\":[{\"@type\":\"SearchAction\",\"target\":{\"@type\":\"EntryPoint\",\"urlTemplate\":\"https:\/\/peakalgerie.com\/fr\/?s={search_term_string}\"},\"query-input\":{\"@type\":\"PropertyValueSpecification\",\"valueRequired\":true,\"valueName\":\"search_term_string\"}}],\"inLanguage\":\"ar\"},{\"@type\":\"Organization\",\"@id\":\"https:\/\/peakalgerie.com\/fr\/#organization\",\"name\":\"AIR STREET\",\"url\":\"https:\/\/peakalgerie.com\/fr\/\",\"logo\":{\"@type\":\"ImageObject\",\"inLanguage\":\"ar\",\"@id\":\"https:\/\/peakalgerie.com\/fr\/#\/schema\/logo\/image\/\",\"url\":\"https:\/\/peakalgerie.com\/wp-content\/uploads\/2021\/01\/thumbnail_logo-airstreet-web.png\",\"contentUrl\":\"https:\/\/peakalgerie.com\/wp-content\/uploads\/2021\/01\/thumbnail_logo-airstreet-web.png\",\"width\":1280,\"height\":900,\"caption\":\"AIR STREET\"},\"image\":{\"@id\":\"https:\/\/peakalgerie.com\/fr\/#\/schema\/logo\/image\/\"},\"sameAs\":[\"https:\/\/www.facebook.com\/AIRSTREETDZ\/\",\"https:\/\/www.instagram.com\/air_street\/\"]}]}<\/script>\n<!-- \/ Yoast SEO plugin. -->","yoast_head_json":{"title":"Termes et conditions - Peak Sport Alg\u00e9rie","description":"Nos termes et nos conditions \u00e0 AIR STREET.","robots":{"index":"index","follow":"follow","max-snippet":"max-snippet:-1","max-image-preview":"max-image-preview:large","max-video-preview":"max-video-preview:-1"},"canonical":"https:\/\/peakalgerie.com\/ar\/termes-et-conditions\/","og_locale":"ar_AR","og_type":"article","og_title":"Termes et conditions - Peak Sport Alg\u00e9rie","og_description":"Nos termes et nos conditions \u00e0 AIR STREET.","og_url":"https:\/\/peakalgerie.com\/ar\/termes-et-conditions\/","og_site_name":"Peak Sport Alg\u00e9rie","article_publisher":"https:\/\/www.facebook.com\/AIRSTREETDZ\/","article_modified_time":"2021-07-16T13:53:56+00:00","twitter_card":"summary_large_image","twitter_misc":{"\u0648\u0642\u062a \u0627\u0644\u0642\u0631\u0627\u0621\u0629 \u0627\u0644\u0645\u064f\u0642\u062f\u0651\u0631":"\u062f\u0642\u064a\u0642\u0629 \u0648\u0627\u062d\u062f\u0629"},"schema":{"@context":"https:\/\/schema.org","@graph":[{"@type":"WebPage","@id":"https:\/\/peakalgerie.com\/fr\/termes-et-conditions\/","url":"https:\/\/peakalgerie.com\/fr\/termes-et-conditions\/","name":"Termes et conditions - Peak Sport Alg\u00e9rie","isPartOf":{"@id":"https:\/\/peakalgerie.com\/fr\/#website"},"datePublished":"2020-08-26T14:43:33+00:00","dateModified":"2021-07-16T13:53:56+00:00","description":"Nos termes et nos conditions \u00e0 AIR STREET.","breadcrumb":{"@id":"https:\/\/peakalgerie.com\/fr\/termes-et-conditions\/#breadcrumb"},"inLanguage":"ar","potentialAction":[{"@type":"ReadAction","target":["https:\/\/peakalgerie.com\/fr\/termes-et-conditions\/"]}]},{"@type":"BreadcrumbList","@id":"https:\/\/peakalgerie.com\/fr\/termes-et-conditions\/#breadcrumb","itemListElement":[{"@type":"ListItem","position":1,"name":"Accueil","item":"https:\/\/peakalgerie.com\/fr\/"},{"@type":"ListItem","position":2,"name":"Termes et conditions"}]},{"@type":"WebSite","@id":"https:\/\/peakalgerie.com\/fr\/#website","url":"https:\/\/peakalgerie.com\/fr\/","name":"Peak Sport Alg\u00e9rie","description":"Peak Sports : Top Performance","publisher":{"@id":"https:\/\/peakalgerie.com\/fr\/#organization"},"potentialAction":[{"@type":"SearchAction","target":{"@type":"EntryPoint","urlTemplate":"https:\/\/peakalgerie.com\/fr\/?s={search_term_string}"},"query-input":{"@type":"PropertyValueSpecification","valueRequired":true,"valueName":"search_term_string"}}],"inLanguage":"ar"},{"@type":"Organization","@id":"https:\/\/peakalgerie.com\/fr\/#organization","name":"AIR STREET","url":"https:\/\/peakalgerie.com\/fr\/","logo":{"@type":"ImageObject","inLanguage":"ar","@id":"https:\/\/peakalgerie.com\/fr\/#\/schema\/logo\/image\/","url":"https:\/\/peakalgerie.com\/wp-content\/uploads\/2021\/01\/thumbnail_logo-airstreet-web.png","contentUrl":"https:\/\/peakalgerie.com\/wp-content\/uploads\/2021\/01\/thumbnail_logo-airstreet-web.png","width":1280,"height":900,"caption":"AIR STREET"},"image":{"@id":"https:\/\/peakalgerie.com\/fr\/#\/schema\/logo\/image\/"},"sameAs":["https:\/\/www.facebook.com\/AIRSTREETDZ\/","https:\/\/www.instagram.com\/air_street\/"]}]}},"_links":{"self":[{"href":"https:\/\/peakalgerie.com\/ar\/wp-json\/wp\/v2\/pages\/29909","targetHints":{"allow":["GET"]}}],"collection":[{"href":"https:\/\/peakalgerie.com\/ar\/wp-json\/wp\/v2\/pages"}],"about":[{"href":"https:\/\/peakalgerie.com\/ar\/wp-json\/wp\/v2\/types\/page"}],"author":[{"embeddable":true,"href":"https:\/\/peakalgerie.com\/ar\/wp-json\/wp\/v2\/users\/1168"}],"replies":[{"embeddable":true,"href":"https:\/\/peakalgerie.com\/ar\/wp-json\/wp\/v2\/comments?post=29909"}],"version-history":[{"count":0,"href":"https:\/\/peakalgerie.com\/ar\/wp-json\/wp\/v2\/pages\/29909\/revisions"}],"wp:attachment":[{"href":"https:\/\/peakalgerie.com\/ar\/wp-json\/wp\/v2\/media?parent=29909"}],"curies":[{"name":"wp","href":"https:\/\/api.w.org\/{rel}","templated":true}]}}