{"id":55013,"date":"2021-07-11T22:46:20","date_gmt":"2021-07-11T22:46:20","guid":{"rendered":"https:\/\/www.airstreet.dz\/?page_id=55013"},"modified":"2021-09-08T22:19:01","modified_gmt":"2021-09-08T22:19:01","slug":"cheraga","status":"publish","type":"page","link":"https:\/\/peakalgerie.com\/ar\/accueil-2\/cheraga\/","title":{"rendered":"\u0627\u0644\u062c\u0632\u0627\u0626\u0631 \u0634\u0631\u0627\u0642\u0629"},"content":{"rendered":"<div data-elementor-type=\"wp-page\" data-elementor-id=\"55013\" class=\"elementor elementor-55013\" data-elementor-post-type=\"page\">\n\t\t\t\t\t\t<section class=\"wd-negative-gap elementor-section elementor-top-section elementor-element elementor-element-285a306 elementor-section-stretched elementor-section-full_width elementor-section-height-default elementor-section-height-default\" data-id=\"285a306\" data-element_type=\"section\" data-settings=\"{&quot;stretch_section&quot;:&quot;section-stretched&quot;}\">\n\t\t\t\t\t\t<div class=\"elementor-container elementor-column-gap-default\">\n\t\t\t\t\t<div class=\"elementor-column elementor-col-33 elementor-top-column elementor-element elementor-element-a1e864c\" data-id=\"a1e864c\" data-element_type=\"column\" data-settings=\"{&quot;background_background&quot;:&quot;classic&quot;}\">\n\t\t\t<div class=\"elementor-widget-wrap elementor-element-populated\">\n\t\t\t\t\t\t<div class=\"elementor-element elementor-element-de1a783 elementor-widget elementor-widget-heading\" data-id=\"de1a783\" data-element_type=\"widget\" data-widget_type=\"heading.default\">\n\t\t\t\t<div class=\"elementor-widget-container\">\n\t\t\t\t\t<h1 class=\"elementor-heading-title elementor-size-default\">\u0627\u0644\u062c\u0632\u0627\u0626\u0631 \u0634\u0631\u0627\u0642\u0629<\/h1>\t\t\t\t<\/div>\n\t\t\t\t<\/div>\n\t\t\t\t<div class=\"elementor-element elementor-element-9c6adf6 elementor-widget elementor-widget-spacer\" data-id=\"9c6adf6\" data-element_type=\"widget\" data-widget_type=\"spacer.default\">\n\t\t\t\t<div class=\"elementor-widget-container\">\n\t\t\t\t\t\t\t<div class=\"elementor-spacer\">\n\t\t\t<div class=\"elementor-spacer-inner\"><\/div>\n\t\t<\/div>\n\t\t\t\t\t\t<\/div>\n\t\t\t\t<\/div>\n\t\t\t\t<section class=\"wd-negative-gap elementor-section elementor-inner-section elementor-element elementor-element-825fe01 elementor-section-boxed elementor-section-height-default elementor-section-height-default\" data-id=\"825fe01\" data-element_type=\"section\">\n\t\t\t\t\t\t<div class=\"elementor-container elementor-column-gap-default\">\n\t\t\t\t\t<div class=\"elementor-column elementor-col-50 elementor-inner-column elementor-element elementor-element-7547fde\" data-id=\"7547fde\" data-element_type=\"column\">\n\t\t\t<div class=\"elementor-widget-wrap\">\n\t\t\t\t\t\t\t<\/div>\n\t\t<\/div>\n\t\t\t\t<div class=\"elementor-column elementor-col-50 elementor-inner-column elementor-element elementor-element-19a019d\" data-id=\"19a019d\" data-element_type=\"column\">\n\t\t\t<div class=\"elementor-widget-wrap elementor-element-populated\">\n\t\t\t\t\t\t<div class=\"elementor-element elementor-element-3562925 elementor-widget elementor-widget-heading\" data-id=\"3562925\" data-element_type=\"widget\" data-widget_type=\"heading.default\">\n\t\t\t\t<div class=\"elementor-widget-container\">\n\t\t\t\t\t<h5 class=\"elementor-heading-title elementor-size-default\">\u0627\u0644\u0639\u0646\u0648\u0627\u0646<\/h5>\t\t\t\t<\/div>\n\t\t\t\t<\/div>\n\t\t\t\t<div class=\"elementor-element elementor-element-24f8956 elementor-widget-divider--view-line elementor-widget elementor-widget-divider\" data-id=\"24f8956\" data-element_type=\"widget\" data-widget_type=\"divider.default\">\n\t\t\t\t<div class=\"elementor-widget-container\">\n\t\t\t\t\t\t\t<div class=\"elementor-divider\">\n\t\t\t<span class=\"elementor-divider-separator\">\n\t\t\t\t\t\t<\/span>\n\t\t<\/div>\n\t\t\t\t\t\t<\/div>\n\t\t\t\t<\/div>\n\t\t\t\t<div class=\"elementor-element elementor-element-962cebf elementor-icon-list--layout-traditional elementor-list-item-link-full_width elementor-widget elementor-widget-icon-list\" data-id=\"962cebf\" data-element_type=\"widget\" data-widget_type=\"icon-list.default\">\n\t\t\t\t<div class=\"elementor-widget-container\">\n\t\t\t\t\t\t\t<ul class=\"elementor-icon-list-items\">\n\t\t\t\t\t\t\t<li class=\"elementor-icon-list-item\">\n\t\t\t\t\t\t\t\t\t\t\t<span class=\"elementor-icon-list-icon\">\n\t\t\t\t\t\t\t<i aria-hidden=\"true\" class=\"fas fa-map-marker-alt\"><\/i>\t\t\t\t\t\t<\/span>\n\t\t\t\t\t\t\t\t\t\t<span class=\"elementor-icon-list-text\"><div style=\"text-align:justify\">\u0634\u0627\u0631\u0639 11 \u062f\u064a\u0633\u0645\u0628\u0631 \u060c \u062f\u0627\u0644\u064a \u0625\u0628\u0631\u0627\u0647\u064a\u0645 \u060c \u0628\u0644\u062f\u064a\u0629 \u0627\u0644\u0634\u0631\u0627\u0642\u0629 \u060c \u0627\u0644\u062c\u0632\u0627\u0626\u0631 \u0627\u0644\u0639\u0627\u0635\u0645\u0629<\/div><\/span>\n\t\t\t\t\t\t\t\t\t<\/li>\n\t\t\t\t\t\t<\/ul>\n\t\t\t\t\t\t<\/div>\n\t\t\t\t<\/div>\n\t\t\t\t<div class=\"elementor-element elementor-element-c83135a elementor-widget elementor-widget-spacer\" data-id=\"c83135a\" data-element_type=\"widget\" data-widget_type=\"spacer.default\">\n\t\t\t\t<div class=\"elementor-widget-container\">\n\t\t\t\t\t\t\t<div class=\"elementor-spacer\">\n\t\t\t<div class=\"elementor-spacer-inner\"><\/div>\n\t\t<\/div>\n\t\t\t\t\t\t<\/div>\n\t\t\t\t<\/div>\n\t\t\t\t<div class=\"elementor-element elementor-element-a00ed79 elementor-widget elementor-widget-heading\" data-id=\"a00ed79\" data-element_type=\"widget\" data-widget_type=\"heading.default\">\n\t\t\t\t<div class=\"elementor-widget-container\">\n\t\t\t\t\t<h5 class=\"elementor-heading-title elementor-size-default\">\u0631\u0642\u0645 \u0627\u0644\u0647\u0627\u062a\u0641<\/h5>\t\t\t\t<\/div>\n\t\t\t\t<\/div>\n\t\t\t\t<div class=\"elementor-element elementor-element-8c4188f elementor-widget-divider--view-line elementor-widget elementor-widget-divider\" data-id=\"8c4188f\" data-element_type=\"widget\" data-widget_type=\"divider.default\">\n\t\t\t\t<div class=\"elementor-widget-container\">\n\t\t\t\t\t\t\t<div class=\"elementor-divider\">\n\t\t\t<span class=\"elementor-divider-separator\">\n\t\t\t\t\t\t<\/span>\n\t\t<\/div>\n\t\t\t\t\t\t<\/div>\n\t\t\t\t<\/div>\n\t\t\t\t<div class=\"elementor-element elementor-element-180215a elementor-icon-list--layout-traditional elementor-list-item-link-full_width elementor-widget elementor-widget-icon-list\" data-id=\"180215a\" data-element_type=\"widget\" data-widget_type=\"icon-list.default\">\n\t\t\t\t<div class=\"elementor-widget-container\">\n\t\t\t\t\t\t\t<ul class=\"elementor-icon-list-items\">\n\t\t\t\t\t\t\t<li class=\"elementor-icon-list-item\">\n\t\t\t\t\t\t\t\t\t\t\t<span class=\"elementor-icon-list-icon\">\n\t\t\t\t\t\t\t<i aria-hidden=\"true\" class=\"fas fa-phone-alt\"><\/i>\t\t\t\t\t\t<\/span>\n\t\t\t\t\t\t\t\t\t\t<span class=\"elementor-icon-list-text\"><font dir=\"ltr\">(+213) 561 605 997<\/font><\/span>\n\t\t\t\t\t\t\t\t\t<\/li>\n\t\t\t\t\t\t<\/ul>\n\t\t\t\t\t\t<\/div>\n\t\t\t\t<\/div>\n\t\t\t\t\t<\/div>\n\t\t<\/div>\n\t\t\t\t\t<\/div>\n\t\t<\/section>\n\t\t\t\t\t<\/div>\n\t\t<\/div>\n\t\t\t\t<div class=\"elementor-column elementor-col-33 elementor-top-column elementor-element elementor-element-7bcdb9e\" data-id=\"7bcdb9e\" data-element_type=\"column\">\n\t\t\t<div class=\"elementor-widget-wrap elementor-element-populated\">\n\t\t\t\t\t\t<div class=\"elementor-element elementor-element-4eaacad elementor-widget elementor-widget-google_maps\" data-id=\"4eaacad\" data-element_type=\"widget\" data-widget_type=\"google_maps.default\">\n\t\t\t\t<div class=\"elementor-widget-container\">\n\t\t\t\t\t\t\t<div class=\"elementor-custom-embed\">\n\t\t\t<iframe loading=\"lazy\"\n\t\t\t\t\tsrc=\"https:\/\/maps.google.com\/maps?q=Air%20street%20cheraga&#038;t=m&#038;z=17&#038;output=embed&#038;iwloc=near\"\n\t\t\t\t\ttitle=\"AIR STREET \u0634\u0631\u0627\u0642\u0629\"\n\t\t\t\t\taria-label=\"AIR STREET \u0634\u0631\u0627\u0642\u0629\"\n\t\t\t><\/iframe>\n\t\t<\/div>\n\t\t\t\t\t\t<\/div>\n\t\t\t\t<\/div>\n\t\t\t\t\t<\/div>\n\t\t<\/div>\n\t\t\t\t<div class=\"elementor-column elementor-col-33 elementor-top-column elementor-element elementor-element-885a06a\" data-id=\"885a06a\" data-element_type=\"column\" data-settings=\"{&quot;background_background&quot;:&quot;classic&quot;}\">\n\t\t\t<div class=\"elementor-widget-wrap elementor-element-populated\">\n\t\t\t\t\t\t<div class=\"elementor-element elementor-element-62d04e9 elementor-hidden-phone color-scheme-inherit text-left elementor-widget elementor-widget-text-editor\" data-id=\"62d04e9\" data-element_type=\"widget\" data-widget_type=\"text-editor.default\">\n\t\t\t\t<div class=\"elementor-widget-container\">\n\t\t\t\t\t\t\t\t\t<span style=\"color: #ffffff;\">N<\/span>\n<br>\n<span style=\"color: #ffffff;\">O<\/span>\n<br>\n<span style=\"color: #ffffff;\">S<\/span>\n<br><br>\n<span style=\"color: #ffffff;\">M<\/span>\n<br>\n<span style=\"color: #ffffff;\">A<\/span>\n<br>\n<span style=\"color: #ffffff;\">G<\/span>\n<br>\n<span style=\"color: #ffffff;\">A<\/span>\n<br>\n<span style=\"color: #ffffff;\">S<\/span>\n<br>\n<span style=\"color: #ffffff;\">I<\/span>\n<br>\n<span style=\"color: #ffffff;\">N<\/span>\n<br>\n<span style=\"color: #ffffff;\">S<\/span>\t\t\t\t\t\t\t\t<\/div>\n\t\t\t\t<\/div>\n\t\t\t\t<div class=\"elementor-element elementor-element-b7e3bd0 elementor-hidden-desktop elementor-hidden-tablet color-scheme-inherit text-left elementor-widget elementor-widget-text-editor\" data-id=\"b7e3bd0\" data-element_type=\"widget\" data-widget_type=\"text-editor.default\">\n\t\t\t\t<div class=\"elementor-widget-container\">\n\t\t\t\t\t\t\t\t\t<p><span style=\"color: #ffffff;\">\u0645\u062a\u0627\u062c\u0631\u0646\u0627<\/span><\/p>\t\t\t\t\t\t\t\t<\/div>\n\t\t\t\t<\/div>\n\t\t\t\t\t<\/div>\n\t\t<\/div>\n\t\t\t\t\t<\/div>\n\t\t<\/section>\n\t\t\t\t<section class=\"wd-negative-gap elementor-section elementor-top-section elementor-element elementor-element-32285db elementor-section-stretched elementor-section-full_width elementor-section-height-default elementor-section-height-default\" data-id=\"32285db\" data-element_type=\"section\" data-settings=\"{&quot;stretch_section&quot;:&quot;section-stretched&quot;}\">\n\t\t\t\t\t\t<div class=\"elementor-container elementor-column-gap-default\">\n\t\t\t\t\t<div class=\"elementor-column elementor-col-100 elementor-top-column elementor-element elementor-element-f5b9ca9\" data-id=\"f5b9ca9\" data-element_type=\"column\">\n\t\t\t<div class=\"elementor-widget-wrap elementor-element-populated\">\n\t\t\t\t\t\t<div class=\"elementor-element elementor-element-fbfb3e7 elementor-icon-list--layout-inline elementor-align-center elementor-list-item-link-full_width elementor-widget elementor-widget-icon-list\" data-id=\"fbfb3e7\" data-element_type=\"widget\" data-widget_type=\"icon-list.default\">\n\t\t\t\t<div class=\"elementor-widget-container\">\n\t\t\t\t\t\t\t<ul class=\"elementor-icon-list-items elementor-inline-items\">\n\t\t\t\t\t\t\t<li class=\"elementor-icon-list-item elementor-inline-item\">\n\t\t\t\t\t\t\t\t\t\t\t<span class=\"elementor-icon-list-icon\">\n\t\t\t\t\t\t\t<i aria-hidden=\"true\" class=\"fas fa-shopping-cart\"><\/i>\t\t\t\t\t\t<\/span>\n\t\t\t\t\t\t\t\t\t\t<span class=\"elementor-icon-list-text\"><\/span>\n\t\t\t\t\t\t\t\t\t<\/li>\n\t\t\t\t\t\t\t\t<li class=\"elementor-icon-list-item elementor-inline-item\">\n\t\t\t\t\t\t\t\t\t\t\t<span class=\"elementor-icon-list-icon\">\n\t\t\t\t\t\t\t<i aria-hidden=\"true\" class=\"fas fa-arrow-right\"><\/i>\t\t\t\t\t\t<\/span>\n\t\t\t\t\t\t\t\t\t\t<span class=\"elementor-icon-list-text\"><\/span>\n\t\t\t\t\t\t\t\t\t<\/li>\n\t\t\t\t\t\t\t\t<li class=\"elementor-icon-list-item elementor-inline-item\">\n\t\t\t\t\t\t\t\t\t\t\t<span class=\"elementor-icon-list-icon\">\n\t\t\t\t\t\t\t<i aria-hidden=\"true\" class=\"fas fa-truck\"><\/i>\t\t\t\t\t\t<\/span>\n\t\t\t\t\t\t\t\t\t\t<span class=\"elementor-icon-list-text\"><\/span>\n\t\t\t\t\t\t\t\t\t<\/li>\n\t\t\t\t\t\t\t\t<li class=\"elementor-icon-list-item elementor-inline-item\">\n\t\t\t\t\t\t\t\t\t\t\t<span class=\"elementor-icon-list-icon\">\n\t\t\t\t\t\t\t<i aria-hidden=\"true\" class=\"fas fa-arrow-right\"><\/i>\t\t\t\t\t\t<\/span>\n\t\t\t\t\t\t\t\t\t\t<span class=\"elementor-icon-list-text\"><\/span>\n\t\t\t\t\t\t\t\t\t<\/li>\n\t\t\t\t\t\t\t\t<li class=\"elementor-icon-list-item elementor-inline-item\">\n\t\t\t\t\t\t\t\t\t\t\t<span class=\"elementor-icon-list-icon\">\n\t\t\t\t\t\t\t<i aria-hidden=\"true\" class=\"fas fa-home\"><\/i>\t\t\t\t\t\t<\/span>\n\t\t\t\t\t\t\t\t\t\t<span class=\"elementor-icon-list-text\"><\/span>\n\t\t\t\t\t\t\t\t\t<\/li>\n\t\t\t\t\t\t<\/ul>\n\t\t\t\t\t\t<\/div>\n\t\t\t\t<\/div>\n\t\t\t\t<div class=\"elementor-element elementor-element-84494d1 elementor-widget elementor-widget-heading\" data-id=\"84494d1\" data-element_type=\"widget\" data-widget_type=\"heading.default\">\n\t\t\t\t<div class=\"elementor-widget-container\">\n\t\t\t\t\t<h2 class=\"elementor-heading-title elementor-size-default\">LIVRAISON \u00e0 domicile 58 WILAYAS<\/h2>\t\t\t\t<\/div>\n\t\t\t\t<\/div>\n\t\t\t\t<div class=\"elementor-element elementor-element-5f8c344 elementor-widget elementor-widget-heading\" data-id=\"5f8c344\" data-element_type=\"widget\" data-widget_type=\"heading.default\">\n\t\t\t\t<div class=\"elementor-widget-container\">\n\t\t\t\t\t<h2 class=\"elementor-heading-title elementor-size-default\">AIR-STREET vous propose un service de livraison sur les 58 wilayas.<\/h2>\t\t\t\t<\/div>\n\t\t\t\t<\/div>\n\t\t\t\t<div class=\"elementor-element elementor-element-f2587c5 elementor-button-info elementor-align-center elementor-widget elementor-widget-button\" data-id=\"f2587c5\" data-element_type=\"widget\" data-widget_type=\"button.default\">\n\t\t\t\t<div class=\"elementor-widget-container\">\n\t\t\t\t\t\t\t\t\t<div class=\"elementor-button-wrapper\">\n\t\t\t\t\t<a class=\"elementor-button elementor-button-link elementor-size-sm\" href=\"https:\/\/peakalgerie.com\/ar\/boutique\/\">\n\t\t\t\t\t\t<span class=\"elementor-button-content-wrapper\">\n\t\t\t\t\t\t\t\t\t<span class=\"elementor-button-text\">\u0627\u0637\u0644\u0628 \u0627\u0644\u0627\u0646<\/span>\n\t\t\t\t\t<\/span>\n\t\t\t\t\t<\/a>\n\t\t\t\t<\/div>\n\t\t\t\t\t\t\t\t<\/div>\n\t\t\t\t<\/div>\n\t\t\t\t\t<\/div>\n\t\t<\/div>\n\t\t\t\t\t<\/div>\n\t\t<\/section>\n\t\t\t\t<\/div>","protected":false},"excerpt":{"rendered":"<p>ALGER CHERAGA Adresse Boulevard du 11 D\u00e9cembre, Dely Ibrahim, Commune de Cheraga, Alger T\u00e9l\u00e9phone (+213) 561 605 997 N O<\/p>","protected":false},"author":6,"featured_media":0,"parent":57,"menu_order":0,"comment_status":"closed","ping_status":"closed","template":"elementor_header_footer","meta":{"footnotes":""},"class_list":["post-55013","page","type-page","status-publish","hentry"],"yoast_head":"<!-- This site is optimized with the Yoast SEO plugin v24.2 - https:\/\/yoast.com\/wordpress\/plugins\/seo\/ -->\n<title>Magasin Alger Cheraga - Peak Sport Alg\u00e9rie<\/title>\n<meta name=\"description\" content=\"Magasin de AIR STREET \u00e0 Alger, Cheraga, Dely Brahim\" \/>\n<meta name=\"robots\" content=\"index, follow, max-snippet:-1, max-image-preview:large, max-video-preview:-1\" \/>\n<link rel=\"canonical\" href=\"https:\/\/peakalgerie.com\/ar\/accueil-2\/cheraga\/\" \/>\n<meta property=\"og:locale\" content=\"ar_AR\" \/>\n<meta property=\"og:type\" content=\"article\" \/>\n<meta property=\"og:title\" content=\"Magasin Alger Cheraga - Peak Sport Alg\u00e9rie\" \/>\n<meta property=\"og:description\" content=\"Magasin de AIR STREET \u00e0 Alger, Cheraga, Dely Brahim\" \/>\n<meta property=\"og:url\" content=\"https:\/\/peakalgerie.com\/ar\/accueil-2\/cheraga\/\" \/>\n<meta property=\"og:site_name\" content=\"Peak Sport Alg\u00e9rie\" \/>\n<meta property=\"article:publisher\" content=\"https:\/\/www.facebook.com\/AIRSTREETDZ\/\" \/>\n<meta property=\"article:modified_time\" content=\"2021-09-08T22:19:01+00:00\" \/>\n<meta name=\"twitter:card\" content=\"summary_large_image\" \/>\n<meta name=\"twitter:label1\" content=\"\u0648\u0642\u062a \u0627\u0644\u0642\u0631\u0627\u0621\u0629 \u0627\u0644\u0645\u064f\u0642\u062f\u0651\u0631\" \/>\n\t<meta name=\"twitter:data1\" content=\"\u062f\u0642\u064a\u0642\u0629 \u0648\u0627\u062d\u062f\u0629\" \/>\n<script type=\"application\/ld+json\" class=\"yoast-schema-graph\">{\"@context\":\"https:\/\/schema.org\",\"@graph\":[{\"@type\":\"WebPage\",\"@id\":\"https:\/\/peakalgerie.com\/fr\/accueil-2\/cheraga\/\",\"url\":\"https:\/\/peakalgerie.com\/fr\/accueil-2\/cheraga\/\",\"name\":\"Magasin Alger Cheraga - Peak Sport Alg\u00e9rie\",\"isPartOf\":{\"@id\":\"https:\/\/peakalgerie.com\/fr\/#website\"},\"datePublished\":\"2021-07-11T22:46:20+00:00\",\"dateModified\":\"2021-09-08T22:19:01+00:00\",\"description\":\"Magasin de AIR STREET \u00e0 Alger, Cheraga, Dely Brahim\",\"breadcrumb\":{\"@id\":\"https:\/\/peakalgerie.com\/fr\/accueil-2\/cheraga\/#breadcrumb\"},\"inLanguage\":\"ar\",\"potentialAction\":[{\"@type\":\"ReadAction\",\"target\":[\"https:\/\/peakalgerie.com\/fr\/accueil-2\/cheraga\/\"]}]},{\"@type\":\"BreadcrumbList\",\"@id\":\"https:\/\/peakalgerie.com\/fr\/accueil-2\/cheraga\/#breadcrumb\",\"itemListElement\":[{\"@type\":\"ListItem\",\"position\":1,\"name\":\"Accueil\",\"item\":\"https:\/\/peakalgerie.com\/fr\/\"},{\"@type\":\"ListItem\",\"position\":2,\"name\":\"Accueil\",\"item\":\"https:\/\/peakalgerie.com\/fr\/accueil-2\/\"},{\"@type\":\"ListItem\",\"position\":3,\"name\":\"Alger Cheraga\"}]},{\"@type\":\"WebSite\",\"@id\":\"https:\/\/peakalgerie.com\/fr\/#website\",\"url\":\"https:\/\/peakalgerie.com\/fr\/\",\"name\":\"Peak Sport Alg\u00e9rie\",\"description\":\"Peak Sports : Top Performance\",\"publisher\":{\"@id\":\"https:\/\/peakalgerie.com\/fr\/#organization\"},\"potentialAction\":[{\"@type\":\"SearchAction\",\"target\":{\"@type\":\"EntryPoint\",\"urlTemplate\":\"https:\/\/peakalgerie.com\/fr\/?s={search_term_string}\"},\"query-input\":{\"@type\":\"PropertyValueSpecification\",\"valueRequired\":true,\"valueName\":\"search_term_string\"}}],\"inLanguage\":\"ar\"},{\"@type\":\"Organization\",\"@id\":\"https:\/\/peakalgerie.com\/fr\/#organization\",\"name\":\"AIR STREET\",\"url\":\"https:\/\/peakalgerie.com\/fr\/\",\"logo\":{\"@type\":\"ImageObject\",\"inLanguage\":\"ar\",\"@id\":\"https:\/\/peakalgerie.com\/fr\/#\/schema\/logo\/image\/\",\"url\":\"https:\/\/peakalgerie.com\/wp-content\/uploads\/2021\/01\/thumbnail_logo-airstreet-web.png\",\"contentUrl\":\"https:\/\/peakalgerie.com\/wp-content\/uploads\/2021\/01\/thumbnail_logo-airstreet-web.png\",\"width\":1280,\"height\":900,\"caption\":\"AIR STREET\"},\"image\":{\"@id\":\"https:\/\/peakalgerie.com\/fr\/#\/schema\/logo\/image\/\"},\"sameAs\":[\"https:\/\/www.facebook.com\/AIRSTREETDZ\/\",\"https:\/\/www.instagram.com\/air_street\/\"]}]}<\/script>\n<!-- \/ Yoast SEO plugin. -->","yoast_head_json":{"title":"Magasin Alger Cheraga - Peak Sport Alg\u00e9rie","description":"Magasin de AIR STREET \u00e0 Alger, Cheraga, Dely Brahim","robots":{"index":"index","follow":"follow","max-snippet":"max-snippet:-1","max-image-preview":"max-image-preview:large","max-video-preview":"max-video-preview:-1"},"canonical":"https:\/\/peakalgerie.com\/ar\/accueil-2\/cheraga\/","og_locale":"ar_AR","og_type":"article","og_title":"Magasin Alger Cheraga - Peak Sport Alg\u00e9rie","og_description":"Magasin de AIR STREET \u00e0 Alger, Cheraga, Dely Brahim","og_url":"https:\/\/peakalgerie.com\/ar\/accueil-2\/cheraga\/","og_site_name":"Peak Sport Alg\u00e9rie","article_publisher":"https:\/\/www.facebook.com\/AIRSTREETDZ\/","article_modified_time":"2021-09-08T22:19:01+00:00","twitter_card":"summary_large_image","twitter_misc":{"\u0648\u0642\u062a \u0627\u0644\u0642\u0631\u0627\u0621\u0629 \u0627\u0644\u0645\u064f\u0642\u062f\u0651\u0631":"\u062f\u0642\u064a\u0642\u0629 \u0648\u0627\u062d\u062f\u0629"},"schema":{"@context":"https:\/\/schema.org","@graph":[{"@type":"WebPage","@id":"https:\/\/peakalgerie.com\/fr\/accueil-2\/cheraga\/","url":"https:\/\/peakalgerie.com\/fr\/accueil-2\/cheraga\/","name":"Magasin Alger Cheraga - Peak Sport Alg\u00e9rie","isPartOf":{"@id":"https:\/\/peakalgerie.com\/fr\/#website"},"datePublished":"2021-07-11T22:46:20+00:00","dateModified":"2021-09-08T22:19:01+00:00","description":"Magasin de AIR STREET \u00e0 Alger, Cheraga, Dely Brahim","breadcrumb":{"@id":"https:\/\/peakalgerie.com\/fr\/accueil-2\/cheraga\/#breadcrumb"},"inLanguage":"ar","potentialAction":[{"@type":"ReadAction","target":["https:\/\/peakalgerie.com\/fr\/accueil-2\/cheraga\/"]}]},{"@type":"BreadcrumbList","@id":"https:\/\/peakalgerie.com\/fr\/accueil-2\/cheraga\/#breadcrumb","itemListElement":[{"@type":"ListItem","position":1,"name":"Accueil","item":"https:\/\/peakalgerie.com\/fr\/"},{"@type":"ListItem","position":2,"name":"Accueil","item":"https:\/\/peakalgerie.com\/fr\/accueil-2\/"},{"@type":"ListItem","position":3,"name":"Alger Cheraga"}]},{"@type":"WebSite","@id":"https:\/\/peakalgerie.com\/fr\/#website","url":"https:\/\/peakalgerie.com\/fr\/","name":"Peak Sport Alg\u00e9rie","description":"Peak Sports : Top Performance","publisher":{"@id":"https:\/\/peakalgerie.com\/fr\/#organization"},"potentialAction":[{"@type":"SearchAction","target":{"@type":"EntryPoint","urlTemplate":"https:\/\/peakalgerie.com\/fr\/?s={search_term_string}"},"query-input":{"@type":"PropertyValueSpecification","valueRequired":true,"valueName":"search_term_string"}}],"inLanguage":"ar"},{"@type":"Organization","@id":"https:\/\/peakalgerie.com\/fr\/#organization","name":"AIR STREET","url":"https:\/\/peakalgerie.com\/fr\/","logo":{"@type":"ImageObject","inLanguage":"ar","@id":"https:\/\/peakalgerie.com\/fr\/#\/schema\/logo\/image\/","url":"https:\/\/peakalgerie.com\/wp-content\/uploads\/2021\/01\/thumbnail_logo-airstreet-web.png","contentUrl":"https:\/\/peakalgerie.com\/wp-content\/uploads\/2021\/01\/thumbnail_logo-airstreet-web.png","width":1280,"height":900,"caption":"AIR STREET"},"image":{"@id":"https:\/\/peakalgerie.com\/fr\/#\/schema\/logo\/image\/"},"sameAs":["https:\/\/www.facebook.com\/AIRSTREETDZ\/","https:\/\/www.instagram.com\/air_street\/"]}]}},"_links":{"self":[{"href":"https:\/\/peakalgerie.com\/ar\/wp-json\/wp\/v2\/pages\/55013","targetHints":{"allow":["GET"]}}],"collection":[{"href":"https:\/\/peakalgerie.com\/ar\/wp-json\/wp\/v2\/pages"}],"about":[{"href":"https:\/\/peakalgerie.com\/ar\/wp-json\/wp\/v2\/types\/page"}],"author":[{"embeddable":true,"href":"https:\/\/peakalgerie.com\/ar\/wp-json\/wp\/v2\/users\/6"}],"replies":[{"embeddable":true,"href":"https:\/\/peakalgerie.com\/ar\/wp-json\/wp\/v2\/comments?post=55013"}],"version-history":[{"count":0,"href":"https:\/\/peakalgerie.com\/ar\/wp-json\/wp\/v2\/pages\/55013\/revisions"}],"up":[{"embeddable":true,"href":"https:\/\/peakalgerie.com\/ar\/wp-json\/wp\/v2\/pages\/57"}],"wp:attachment":[{"href":"https:\/\/peakalgerie.com\/ar\/wp-json\/wp\/v2\/media?parent=55013"}],"curies":[{"name":"wp","href":"https:\/\/api.w.org\/{rel}","templated":true}]}}