{"id":734,"date":"2017-07-04T10:10:27","date_gmt":"2017-07-04T09:10:27","guid":{"rendered":"http:\/\/dummy.xtemos.com\/woodmart\/demos\/?page_id=734"},"modified":"2022-08-31T18:09:01","modified_gmt":"2022-08-31T17:09:01","slug":"ou-acheter","status":"publish","type":"page","link":"https:\/\/peakalgerie.com\/ar\/accueil-2\/ou-acheter\/","title":{"rendered":"O\u00f9 Acheter?"},"content":{"rendered":"<h2>Livraison \u00e0 domicile 48 wilayas<\/h2>\n<p>\u064a\u0642\u062f\u0645 AIR-STREET \u062e\u062f\u0645\u0629 \u0627\u0644\u062a\u0648\u0635\u064a\u0644 \u0625\u0644\u0649 58 \u0648\u0644\u0627\u064a\u0629.<\/p>\n<h4>\u0627\u0644\u062c\u0632\u0627\u0626\u0631 \u0634\u0631\u0627\u0642\u0629<\/h4>\n<ul>\n<li>Boulevard du 11 D\u00e9cembre, Dely Ibrahim, Commune de Cheraga, Alger.<\/li>\n<li>T\u00e9l\u00e9phone: 0561 605 997.<\/li>\n<\/ul>\n<h4>\u0639\u0646\u0627\u0628\u0629<\/h4>\n<ul>\n<li>Stambouli, Place de la Libert\u00e9 , Stambouli (0560 964 791)<\/li>\n<li>Th\u00e9\u00e2tre, N\u00b025, Boulevard Mohamed Khmisti (0561 605 990)<\/li>\n<li>Cour 25, Place de la R\u00e9volution (0561 059 99)<\/li>\n<\/ul>\n<h4>\u0627\u0644\u062c\u0632\u0627\u0626\u0631 \u0628\u0631\u0627\u0642\u064a<\/h4>\n<ul>\n<li>663 Rue Rokzan, commune de Baraki, Alger<\/li>\n<li>T\u00e9l\u00e9phone: 0560 044 532<\/li>\n<\/ul>\n<h4>\u0627\u0644\u0628\u0644\u064a\u062f\u0629<\/h4>\n<ul>\n<li>02 Route Zabana (0560 044 247)<\/li>\n<li>36 Boulevard Mohamed Boudiaf (0560 109 459)<\/li>\n<\/ul>\n\n\n<p><\/p>\n <p>There are a variety of options when you want to purchase a cheap essay. The most reliable writing companies will utilize the best professionals and academics for your assignment. The writers could be world-renowned academicians and researchers, and <a href=\"https:\/\/termpaperwriter.org\/\">term paper com<\/a> can also be part-time writers. Trustworthy writing services will supply a free plagiarism report and also format your work with a variety of styles. Additionally you will also get an online customer service that operates 24\/7.<\/p>","protected":false},"excerpt":{"rendered":"<p>Livraison \u00e0 domicile 48 wilayas AIR-STREET vous propose un service de livraison sur les 48 wilayas. Alger Cheraga Boulevard du<\/p>","protected":false},"author":1168,"featured_media":0,"parent":57,"menu_order":0,"comment_status":"closed","ping_status":"closed","template":"","meta":{"footnotes":""},"class_list":["post-734","page","type-page","status-publish","hentry"],"yoast_head":"<!-- This site is optimized with the Yoast SEO plugin v24.2 - https:\/\/yoast.com\/wordpress\/plugins\/seo\/ -->\n<title>O\u00f9 Acheter? - Peak Sport Alg\u00e9rie<\/title>\n<meta name=\"robots\" content=\"index, follow, max-snippet:-1, max-image-preview:large, max-video-preview:-1\" \/>\n<link rel=\"canonical\" href=\"https:\/\/peakalgerie.com\/ar\/accueil-2\/ou-acheter\/\" \/>\n<meta property=\"og:locale\" content=\"ar_AR\" \/>\n<meta property=\"og:type\" content=\"article\" \/>\n<meta property=\"og:title\" content=\"O\u00f9 Acheter? - Peak Sport Alg\u00e9rie\" \/>\n<meta property=\"og:description\" content=\"Livraison \u00e0 domicile 48 wilayas AIR-STREET vous propose un service de livraison sur les 48 wilayas. Alger Cheraga Boulevard du\" \/>\n<meta property=\"og:url\" content=\"https:\/\/peakalgerie.com\/ar\/accueil-2\/ou-acheter\/\" \/>\n<meta property=\"og:site_name\" content=\"Peak Sport Alg\u00e9rie\" \/>\n<meta property=\"article:publisher\" content=\"https:\/\/www.facebook.com\/AIRSTREETDZ\/\" \/>\n<meta property=\"article:modified_time\" content=\"2022-08-31T17:09:01+00:00\" \/>\n<meta name=\"twitter:card\" content=\"summary_large_image\" \/>\n<meta name=\"twitter:label1\" content=\"\u0648\u0642\u062a \u0627\u0644\u0642\u0631\u0627\u0621\u0629 \u0627\u0644\u0645\u064f\u0642\u062f\u0651\u0631\" \/>\n\t<meta name=\"twitter:data1\" content=\"\u062f\u0642\u064a\u0642\u0629 \u0648\u0627\u062d\u062f\u0629\" \/>\n<script type=\"application\/ld+json\" class=\"yoast-schema-graph\">{\"@context\":\"https:\/\/schema.org\",\"@graph\":[{\"@type\":\"WebPage\",\"@id\":\"https:\/\/peakalgerie.com\/ar\/accueil-2\/ou-acheter\/\",\"url\":\"https:\/\/peakalgerie.com\/ar\/accueil-2\/ou-acheter\/\",\"name\":\"O\u00f9 Acheter? - Peak Sport Alg\u00e9rie\",\"isPartOf\":{\"@id\":\"https:\/\/peakalgerie.com\/fr\/#website\"},\"datePublished\":\"2017-07-04T09:10:27+00:00\",\"dateModified\":\"2022-08-31T17:09:01+00:00\",\"breadcrumb\":{\"@id\":\"https:\/\/peakalgerie.com\/ar\/accueil-2\/ou-acheter\/#breadcrumb\"},\"inLanguage\":\"ar\",\"potentialAction\":[{\"@type\":\"ReadAction\",\"target\":[\"https:\/\/peakalgerie.com\/ar\/accueil-2\/ou-acheter\/\"]}]},{\"@type\":\"BreadcrumbList\",\"@id\":\"https:\/\/peakalgerie.com\/ar\/accueil-2\/ou-acheter\/#breadcrumb\",\"itemListElement\":[{\"@type\":\"ListItem\",\"position\":1,\"name\":\"Accueil\",\"item\":\"https:\/\/peakalgerie.com\/fr\/\"},{\"@type\":\"ListItem\",\"position\":2,\"name\":\"Accueil\",\"item\":\"https:\/\/peakalgerie.com\/fr\/accueil-2\/\"},{\"@type\":\"ListItem\",\"position\":3,\"name\":\"O\u00f9 Acheter?\"}]},{\"@type\":\"WebSite\",\"@id\":\"https:\/\/peakalgerie.com\/fr\/#website\",\"url\":\"https:\/\/peakalgerie.com\/fr\/\",\"name\":\"Peak Sport Alg\u00e9rie\",\"description\":\"Peak Sports : Top Performance\",\"publisher\":{\"@id\":\"https:\/\/peakalgerie.com\/fr\/#organization\"},\"potentialAction\":[{\"@type\":\"SearchAction\",\"target\":{\"@type\":\"EntryPoint\",\"urlTemplate\":\"https:\/\/peakalgerie.com\/fr\/?s={search_term_string}\"},\"query-input\":{\"@type\":\"PropertyValueSpecification\",\"valueRequired\":true,\"valueName\":\"search_term_string\"}}],\"inLanguage\":\"ar\"},{\"@type\":\"Organization\",\"@id\":\"https:\/\/peakalgerie.com\/fr\/#organization\",\"name\":\"AIR STREET\",\"url\":\"https:\/\/peakalgerie.com\/fr\/\",\"logo\":{\"@type\":\"ImageObject\",\"inLanguage\":\"ar\",\"@id\":\"https:\/\/peakalgerie.com\/fr\/#\/schema\/logo\/image\/\",\"url\":\"https:\/\/peakalgerie.com\/wp-content\/uploads\/2021\/01\/thumbnail_logo-airstreet-web.png\",\"contentUrl\":\"https:\/\/peakalgerie.com\/wp-content\/uploads\/2021\/01\/thumbnail_logo-airstreet-web.png\",\"width\":1280,\"height\":900,\"caption\":\"AIR STREET\"},\"image\":{\"@id\":\"https:\/\/peakalgerie.com\/fr\/#\/schema\/logo\/image\/\"},\"sameAs\":[\"https:\/\/www.facebook.com\/AIRSTREETDZ\/\",\"https:\/\/www.instagram.com\/air_street\/\"]}]}<\/script>\n<!-- \/ Yoast SEO plugin. -->","yoast_head_json":{"title":"O\u00f9 Acheter? - Peak Sport Alg\u00e9rie","robots":{"index":"index","follow":"follow","max-snippet":"max-snippet:-1","max-image-preview":"max-image-preview:large","max-video-preview":"max-video-preview:-1"},"canonical":"https:\/\/peakalgerie.com\/ar\/accueil-2\/ou-acheter\/","og_locale":"ar_AR","og_type":"article","og_title":"O\u00f9 Acheter? - Peak Sport Alg\u00e9rie","og_description":"Livraison \u00e0 domicile 48 wilayas AIR-STREET vous propose un service de livraison sur les 48 wilayas. Alger Cheraga Boulevard du","og_url":"https:\/\/peakalgerie.com\/ar\/accueil-2\/ou-acheter\/","og_site_name":"Peak Sport Alg\u00e9rie","article_publisher":"https:\/\/www.facebook.com\/AIRSTREETDZ\/","article_modified_time":"2022-08-31T17:09:01+00:00","twitter_card":"summary_large_image","twitter_misc":{"\u0648\u0642\u062a \u0627\u0644\u0642\u0631\u0627\u0621\u0629 \u0627\u0644\u0645\u064f\u0642\u062f\u0651\u0631":"\u062f\u0642\u064a\u0642\u0629 \u0648\u0627\u062d\u062f\u0629"},"schema":{"@context":"https:\/\/schema.org","@graph":[{"@type":"WebPage","@id":"https:\/\/peakalgerie.com\/ar\/accueil-2\/ou-acheter\/","url":"https:\/\/peakalgerie.com\/ar\/accueil-2\/ou-acheter\/","name":"O\u00f9 Acheter? - Peak Sport Alg\u00e9rie","isPartOf":{"@id":"https:\/\/peakalgerie.com\/fr\/#website"},"datePublished":"2017-07-04T09:10:27+00:00","dateModified":"2022-08-31T17:09:01+00:00","breadcrumb":{"@id":"https:\/\/peakalgerie.com\/ar\/accueil-2\/ou-acheter\/#breadcrumb"},"inLanguage":"ar","potentialAction":[{"@type":"ReadAction","target":["https:\/\/peakalgerie.com\/ar\/accueil-2\/ou-acheter\/"]}]},{"@type":"BreadcrumbList","@id":"https:\/\/peakalgerie.com\/ar\/accueil-2\/ou-acheter\/#breadcrumb","itemListElement":[{"@type":"ListItem","position":1,"name":"Accueil","item":"https:\/\/peakalgerie.com\/fr\/"},{"@type":"ListItem","position":2,"name":"Accueil","item":"https:\/\/peakalgerie.com\/fr\/accueil-2\/"},{"@type":"ListItem","position":3,"name":"O\u00f9 Acheter?"}]},{"@type":"WebSite","@id":"https:\/\/peakalgerie.com\/fr\/#website","url":"https:\/\/peakalgerie.com\/fr\/","name":"Peak Sport Alg\u00e9rie","description":"Peak Sports : Top Performance","publisher":{"@id":"https:\/\/peakalgerie.com\/fr\/#organization"},"potentialAction":[{"@type":"SearchAction","target":{"@type":"EntryPoint","urlTemplate":"https:\/\/peakalgerie.com\/fr\/?s={search_term_string}"},"query-input":{"@type":"PropertyValueSpecification","valueRequired":true,"valueName":"search_term_string"}}],"inLanguage":"ar"},{"@type":"Organization","@id":"https:\/\/peakalgerie.com\/fr\/#organization","name":"AIR STREET","url":"https:\/\/peakalgerie.com\/fr\/","logo":{"@type":"ImageObject","inLanguage":"ar","@id":"https:\/\/peakalgerie.com\/fr\/#\/schema\/logo\/image\/","url":"https:\/\/peakalgerie.com\/wp-content\/uploads\/2021\/01\/thumbnail_logo-airstreet-web.png","contentUrl":"https:\/\/peakalgerie.com\/wp-content\/uploads\/2021\/01\/thumbnail_logo-airstreet-web.png","width":1280,"height":900,"caption":"AIR STREET"},"image":{"@id":"https:\/\/peakalgerie.com\/fr\/#\/schema\/logo\/image\/"},"sameAs":["https:\/\/www.facebook.com\/AIRSTREETDZ\/","https:\/\/www.instagram.com\/air_street\/"]}]}},"_links":{"self":[{"href":"https:\/\/peakalgerie.com\/ar\/wp-json\/wp\/v2\/pages\/734","targetHints":{"allow":["GET"]}}],"collection":[{"href":"https:\/\/peakalgerie.com\/ar\/wp-json\/wp\/v2\/pages"}],"about":[{"href":"https:\/\/peakalgerie.com\/ar\/wp-json\/wp\/v2\/types\/page"}],"author":[{"embeddable":true,"href":"https:\/\/peakalgerie.com\/ar\/wp-json\/wp\/v2\/users\/1168"}],"replies":[{"embeddable":true,"href":"https:\/\/peakalgerie.com\/ar\/wp-json\/wp\/v2\/comments?post=734"}],"version-history":[{"count":0,"href":"https:\/\/peakalgerie.com\/ar\/wp-json\/wp\/v2\/pages\/734\/revisions"}],"up":[{"embeddable":true,"href":"https:\/\/peakalgerie.com\/ar\/wp-json\/wp\/v2\/pages\/57"}],"wp:attachment":[{"href":"https:\/\/peakalgerie.com\/ar\/wp-json\/wp\/v2\/media?parent=734"}],"curies":[{"name":"wp","href":"https:\/\/api.w.org\/{rel}","templated":true}]}}