{"id":109325,"date":"2025-01-03T20:15:28","date_gmt":"2025-01-03T19:15:28","guid":{"rendered":"https:\/\/peakalgerie.com\/?post_type=product&#038;p=109325"},"modified":"2026-04-08T19:20:12","modified_gmt":"2026-04-08T18:20:12","slug":"peak-taichi-up30-3-0-white-yellow-2","status":"publish","type":"product","link":"https:\/\/peakalgerie.com\/ar\/product\/peak-taichi-up30-3-0-white-yellow-2\/","title":{"rendered":"Peak Taichi Up30 3.0 White Yellow"},"content":{"rendered":"<p>UP 30 3.0 : Con\u00e7ue pour aller plus vite.<br \/>\nLa UP 30 3.0 est l\u2019\u00e9volution ultime de la gamme performance Peak. Plus l\u00e9g\u00e8re, plus r\u00e9active, plus agressive : chaque d\u00e9tail a \u00e9t\u00e9 pens\u00e9 pour la vitesse.<\/p>\n<p>Dot\u00e9e d&rsquo;une tige respirante en mesh technique, elle garde le pied au frais et bien maintenu. La mousse TAICHI absorbe les impacts et lib\u00e8re un rebond fluide, tandis que la plaque carbone int\u00e9gr\u00e9e booste la propulsion et optimise chaque appui.<\/p>\n<p>Une chaussure taill\u00e9e pour battre vos chronos sur route.<\/p>\n<p>Caract\u00e9ristiques principales :<\/p>\n<p>Semelle interm\u00e9diaire : TAICHI (amorti r\u00e9actif et fluide)<\/p>\n<p>Propulsion : Plaque carbone int\u00e9gr\u00e9e<\/p>\n<p>Tige : Mesh respirant, maintien l\u00e9ger et efficace<\/p>\n<p>Design : Profil a\u00e9rodynamique, coloris dynamique<\/p>\n<p>Usage : Course sur route, entra\u00eenement rapide, comp\u00e9tition<\/p>","protected":false},"excerpt":{"rendered":"<p>UP 30 3.0 : Con\u00e7ue pour aller plus vite. La UP 30 3.0 est l\u2019\u00e9volution ultime de la gamme performance<\/p>","protected":false},"featured_media":109291,"comment_status":"open","ping_status":"closed","template":"","meta":[],"pwb-brand":[1635],"product_brand":[],"product_cat":[1576,1572,1875,1668],"product_tag":[1740,1667,1845,1821,1844],"class_list":{"0":"post-109325","1":"product","2":"type-product","3":"status-publish","4":"has-post-thumbnail","6":"pwb-brand-marque-peak-sport","7":"product_cat-chaussures-femme","8":"product_cat-femme","9":"product_cat-performance","10":"product_cat-running","11":"product_tag-peak","12":"product_tag-running","13":"product_tag-running-shoes","14":"product_tag-taichi","15":"product_tag-up-30","17":"first","18":"instock","19":"shipping-taxable","20":"product-type-variable"},"supplier_id":null,"supplier_sku":"","barcode":null,"atum_controlled":true,"out_stock_date":null,"out_stock_threshold":null,"inheritable":true,"inbound_stock":0,"stock_on_hold":0,"sold_today":0,"sales_last_days":0,"reserved_stock":0,"customer_returns":0,"warehouse_damage":0,"lost_in_post":0,"other_logs":0,"out_stock_days":0,"lost_sales":0,"has_location":false,"update_date":"2026-04-17T01:42:24","atum_locations":[],"atum_stock_status":"instock","restock_status":false,"low_stock_amount":"","sales_update_date":"2026-04-17T01:42:24","calc_backorders":null,"yoast_head":"<!-- This site is optimized with the Yoast SEO plugin v24.2 - https:\/\/yoast.com\/wordpress\/plugins\/seo\/ -->\n<title>Peak Taichi Up30 3.0 White Yellow - Peak Sport Alg\u00e9rie -<\/title>\n<meta name=\"description\" content=\"Peak Taichi Up30 3.0 White Yellow - Abderrahmane\" \/>\n<meta name=\"robots\" content=\"index, follow, max-snippet:-1, max-image-preview:large, max-video-preview:-1\" \/>\n<link rel=\"canonical\" href=\"https:\/\/peakalgerie.com\/ar\/product\/peak-taichi-up30-3-0-white-yellow-2\/\" \/>\n<meta property=\"og:locale\" content=\"ar_AR\" \/>\n<meta property=\"og:type\" content=\"article\" \/>\n<meta property=\"og:title\" content=\"Peak Taichi Up30 3.0 White Yellow - Peak Sport Alg\u00e9rie -\" \/>\n<meta property=\"og:description\" content=\"Peak Taichi Up30 3.0 White Yellow - Abderrahmane\" \/>\n<meta property=\"og:url\" content=\"https:\/\/peakalgerie.com\/ar\/product\/peak-taichi-up30-3-0-white-yellow-2\/\" \/>\n<meta property=\"og:site_name\" content=\"Peak Sport Alg\u00e9rie\" \/>\n<meta property=\"article:publisher\" content=\"https:\/\/www.facebook.com\/AIRSTREETDZ\/\" \/>\n<meta property=\"article:modified_time\" content=\"2026-04-08T18:20:12+00:00\" \/>\n<meta property=\"og:image\" content=\"https:\/\/peakalgerie.com\/wp-content\/uploads\/2025\/01\/ET42808H_White-Yellow.jpg\" \/>\n\t<meta property=\"og:image:width\" content=\"1080\" \/>\n\t<meta property=\"og:image:height\" content=\"1080\" \/>\n\t<meta property=\"og:image:type\" content=\"image\/jpeg\" \/>\n<meta name=\"twitter:card\" content=\"summary_large_image\" \/>\n<meta name=\"twitter:label1\" content=\"\u0648\u0642\u062a \u0627\u0644\u0642\u0631\u0627\u0621\u0629 \u0627\u0644\u0645\u064f\u0642\u062f\u0651\u0631\" \/>\n\t<meta name=\"twitter:data1\" content=\"\u062f\u0642\u064a\u0642\u0629 \u0648\u0627\u062d\u062f\u0629\" \/>\n<script type=\"application\/ld+json\" class=\"yoast-schema-graph\">{\"@context\":\"https:\/\/schema.org\",\"@graph\":[{\"@type\":\"WebPage\",\"@id\":\"https:\/\/peakalgerie.com\/fr\/produit\/peak-taichi-up30-3-0-white-yellow-2\/\",\"url\":\"https:\/\/peakalgerie.com\/fr\/produit\/peak-taichi-up30-3-0-white-yellow-2\/\",\"name\":\"Peak Taichi Up30 3.0 White Yellow - Peak Sport Alg\u00e9rie -\",\"isPartOf\":{\"@id\":\"https:\/\/peakalgerie.com\/fr\/#website\"},\"primaryImageOfPage\":{\"@id\":\"https:\/\/peakalgerie.com\/fr\/produit\/peak-taichi-up30-3-0-white-yellow-2\/#primaryimage\"},\"image\":{\"@id\":\"https:\/\/peakalgerie.com\/fr\/produit\/peak-taichi-up30-3-0-white-yellow-2\/#primaryimage\"},\"thumbnailUrl\":\"https:\/\/peakalgerie.com\/wp-content\/uploads\/2025\/01\/ET42808H_White-Yellow.jpg\",\"datePublished\":\"2025-01-03T19:15:28+00:00\",\"dateModified\":\"2026-04-08T18:20:12+00:00\",\"description\":\"Peak Taichi Up30 3.0 White Yellow - Abderrahmane\",\"breadcrumb\":{\"@id\":\"https:\/\/peakalgerie.com\/fr\/produit\/peak-taichi-up30-3-0-white-yellow-2\/#breadcrumb\"},\"inLanguage\":\"ar\",\"potentialAction\":[{\"@type\":\"ReadAction\",\"target\":[\"https:\/\/peakalgerie.com\/fr\/produit\/peak-taichi-up30-3-0-white-yellow-2\/\"]}]},{\"@type\":\"ImageObject\",\"inLanguage\":\"ar\",\"@id\":\"https:\/\/peakalgerie.com\/fr\/produit\/peak-taichi-up30-3-0-white-yellow-2\/#primaryimage\",\"url\":\"https:\/\/peakalgerie.com\/wp-content\/uploads\/2025\/01\/ET42808H_White-Yellow.jpg\",\"contentUrl\":\"https:\/\/peakalgerie.com\/wp-content\/uploads\/2025\/01\/ET42808H_White-Yellow.jpg\",\"width\":1080,\"height\":1080},{\"@type\":\"BreadcrumbList\",\"@id\":\"https:\/\/peakalgerie.com\/fr\/produit\/peak-taichi-up30-3-0-white-yellow-2\/#breadcrumb\",\"itemListElement\":[{\"@type\":\"ListItem\",\"position\":1,\"name\":\"Accueil\",\"item\":\"https:\/\/peakalgerie.com\/fr\/\"},{\"@type\":\"ListItem\",\"position\":2,\"name\":\"Shop\",\"item\":\"https:\/\/peakalgerie.com\/fr\/boutique\/\"},{\"@type\":\"ListItem\",\"position\":3,\"name\":\"Peak Taichi Up30 3.0 White Yellow\"}]},{\"@type\":\"WebSite\",\"@id\":\"https:\/\/peakalgerie.com\/fr\/#website\",\"url\":\"https:\/\/peakalgerie.com\/fr\/\",\"name\":\"Peak Sport Alg\u00e9rie\",\"description\":\"Peak Sports : Top Performance\",\"publisher\":{\"@id\":\"https:\/\/peakalgerie.com\/fr\/#organization\"},\"potentialAction\":[{\"@type\":\"SearchAction\",\"target\":{\"@type\":\"EntryPoint\",\"urlTemplate\":\"https:\/\/peakalgerie.com\/fr\/?s={search_term_string}\"},\"query-input\":{\"@type\":\"PropertyValueSpecification\",\"valueRequired\":true,\"valueName\":\"search_term_string\"}}],\"inLanguage\":\"ar\"},{\"@type\":\"Organization\",\"@id\":\"https:\/\/peakalgerie.com\/fr\/#organization\",\"name\":\"AIR STREET\",\"url\":\"https:\/\/peakalgerie.com\/fr\/\",\"logo\":{\"@type\":\"ImageObject\",\"inLanguage\":\"ar\",\"@id\":\"https:\/\/peakalgerie.com\/fr\/#\/schema\/logo\/image\/\",\"url\":\"https:\/\/peakalgerie.com\/wp-content\/uploads\/2021\/01\/thumbnail_logo-airstreet-web.png\",\"contentUrl\":\"https:\/\/peakalgerie.com\/wp-content\/uploads\/2021\/01\/thumbnail_logo-airstreet-web.png\",\"width\":1280,\"height\":900,\"caption\":\"AIR STREET\"},\"image\":{\"@id\":\"https:\/\/peakalgerie.com\/fr\/#\/schema\/logo\/image\/\"},\"sameAs\":[\"https:\/\/www.facebook.com\/AIRSTREETDZ\/\",\"https:\/\/www.instagram.com\/air_street\/\"]}]}<\/script>\n<!-- \/ Yoast SEO plugin. -->","yoast_head_json":{"title":"Peak Taichi Up30 3.0 White Yellow - Peak Sport Alg\u00e9rie -","description":"Peak Taichi Up30 3.0 White Yellow - Abderrahmane","robots":{"index":"index","follow":"follow","max-snippet":"max-snippet:-1","max-image-preview":"max-image-preview:large","max-video-preview":"max-video-preview:-1"},"canonical":"https:\/\/peakalgerie.com\/ar\/product\/peak-taichi-up30-3-0-white-yellow-2\/","og_locale":"ar_AR","og_type":"article","og_title":"Peak Taichi Up30 3.0 White Yellow - Peak Sport Alg\u00e9rie -","og_description":"Peak Taichi Up30 3.0 White Yellow - Abderrahmane","og_url":"https:\/\/peakalgerie.com\/ar\/product\/peak-taichi-up30-3-0-white-yellow-2\/","og_site_name":"Peak Sport Alg\u00e9rie","article_publisher":"https:\/\/www.facebook.com\/AIRSTREETDZ\/","article_modified_time":"2026-04-08T18:20:12+00:00","og_image":[{"width":1080,"height":1080,"url":"https:\/\/peakalgerie.com\/wp-content\/uploads\/2025\/01\/ET42808H_White-Yellow.jpg","type":"image\/jpeg"}],"twitter_card":"summary_large_image","twitter_misc":{"\u0648\u0642\u062a \u0627\u0644\u0642\u0631\u0627\u0621\u0629 \u0627\u0644\u0645\u064f\u0642\u062f\u0651\u0631":"\u062f\u0642\u064a\u0642\u0629 \u0648\u0627\u062d\u062f\u0629"},"schema":{"@context":"https:\/\/schema.org","@graph":[{"@type":"WebPage","@id":"https:\/\/peakalgerie.com\/fr\/produit\/peak-taichi-up30-3-0-white-yellow-2\/","url":"https:\/\/peakalgerie.com\/fr\/produit\/peak-taichi-up30-3-0-white-yellow-2\/","name":"Peak Taichi Up30 3.0 White Yellow - Peak Sport Alg\u00e9rie -","isPartOf":{"@id":"https:\/\/peakalgerie.com\/fr\/#website"},"primaryImageOfPage":{"@id":"https:\/\/peakalgerie.com\/fr\/produit\/peak-taichi-up30-3-0-white-yellow-2\/#primaryimage"},"image":{"@id":"https:\/\/peakalgerie.com\/fr\/produit\/peak-taichi-up30-3-0-white-yellow-2\/#primaryimage"},"thumbnailUrl":"https:\/\/peakalgerie.com\/wp-content\/uploads\/2025\/01\/ET42808H_White-Yellow.jpg","datePublished":"2025-01-03T19:15:28+00:00","dateModified":"2026-04-08T18:20:12+00:00","description":"Peak Taichi Up30 3.0 White Yellow - Abderrahmane","breadcrumb":{"@id":"https:\/\/peakalgerie.com\/fr\/produit\/peak-taichi-up30-3-0-white-yellow-2\/#breadcrumb"},"inLanguage":"ar","potentialAction":[{"@type":"ReadAction","target":["https:\/\/peakalgerie.com\/fr\/produit\/peak-taichi-up30-3-0-white-yellow-2\/"]}]},{"@type":"ImageObject","inLanguage":"ar","@id":"https:\/\/peakalgerie.com\/fr\/produit\/peak-taichi-up30-3-0-white-yellow-2\/#primaryimage","url":"https:\/\/peakalgerie.com\/wp-content\/uploads\/2025\/01\/ET42808H_White-Yellow.jpg","contentUrl":"https:\/\/peakalgerie.com\/wp-content\/uploads\/2025\/01\/ET42808H_White-Yellow.jpg","width":1080,"height":1080},{"@type":"BreadcrumbList","@id":"https:\/\/peakalgerie.com\/fr\/produit\/peak-taichi-up30-3-0-white-yellow-2\/#breadcrumb","itemListElement":[{"@type":"ListItem","position":1,"name":"Accueil","item":"https:\/\/peakalgerie.com\/fr\/"},{"@type":"ListItem","position":2,"name":"Shop","item":"https:\/\/peakalgerie.com\/fr\/boutique\/"},{"@type":"ListItem","position":3,"name":"Peak Taichi Up30 3.0 White Yellow"}]},{"@type":"WebSite","@id":"https:\/\/peakalgerie.com\/fr\/#website","url":"https:\/\/peakalgerie.com\/fr\/","name":"Peak Sport Alg\u00e9rie","description":"Peak Sports : Top Performance","publisher":{"@id":"https:\/\/peakalgerie.com\/fr\/#organization"},"potentialAction":[{"@type":"SearchAction","target":{"@type":"EntryPoint","urlTemplate":"https:\/\/peakalgerie.com\/fr\/?s={search_term_string}"},"query-input":{"@type":"PropertyValueSpecification","valueRequired":true,"valueName":"search_term_string"}}],"inLanguage":"ar"},{"@type":"Organization","@id":"https:\/\/peakalgerie.com\/fr\/#organization","name":"AIR STREET","url":"https:\/\/peakalgerie.com\/fr\/","logo":{"@type":"ImageObject","inLanguage":"ar","@id":"https:\/\/peakalgerie.com\/fr\/#\/schema\/logo\/image\/","url":"https:\/\/peakalgerie.com\/wp-content\/uploads\/2021\/01\/thumbnail_logo-airstreet-web.png","contentUrl":"https:\/\/peakalgerie.com\/wp-content\/uploads\/2021\/01\/thumbnail_logo-airstreet-web.png","width":1280,"height":900,"caption":"AIR STREET"},"image":{"@id":"https:\/\/peakalgerie.com\/fr\/#\/schema\/logo\/image\/"},"sameAs":["https:\/\/www.facebook.com\/AIRSTREETDZ\/","https:\/\/www.instagram.com\/air_street\/"]}]}},"brands":[{"id":1635,"name":"PEAK","slug":"marque-peak-sport"}],"_links":{"self":[{"href":"https:\/\/peakalgerie.com\/ar\/wp-json\/wp\/v2\/product\/109325","targetHints":{"allow":["GET"]}}],"collection":[{"href":"https:\/\/peakalgerie.com\/ar\/wp-json\/wp\/v2\/product"}],"about":[{"href":"https:\/\/peakalgerie.com\/ar\/wp-json\/wp\/v2\/types\/product"}],"replies":[{"embeddable":true,"href":"https:\/\/peakalgerie.com\/ar\/wp-json\/wp\/v2\/comments?post=109325"}],"version-history":[{"count":1,"href":"https:\/\/peakalgerie.com\/ar\/wp-json\/wp\/v2\/product\/109325\/revisions"}],"predecessor-version":[{"id":116294,"href":"https:\/\/peakalgerie.com\/ar\/wp-json\/wp\/v2\/product\/109325\/revisions\/116294"}],"wp:featuredmedia":[{"embeddable":true,"href":"https:\/\/peakalgerie.com\/ar\/wp-json\/wp\/v2\/media\/109291"}],"wp:attachment":[{"href":"https:\/\/peakalgerie.com\/ar\/wp-json\/wp\/v2\/media?parent=109325"}],"wp:term":[{"taxonomy":"pwb-brand","embeddable":true,"href":"https:\/\/peakalgerie.com\/ar\/wp-json\/wp\/v2\/pwb-brand?post=109325"},{"taxonomy":"product_brand","embeddable":true,"href":"https:\/\/peakalgerie.com\/ar\/wp-json\/wp\/v2\/product_brand?post=109325"},{"taxonomy":"product_cat","embeddable":true,"href":"https:\/\/peakalgerie.com\/ar\/wp-json\/wp\/v2\/product_cat?post=109325"},{"taxonomy":"product_tag","embeddable":true,"href":"https:\/\/peakalgerie.com\/ar\/wp-json\/wp\/v2\/product_tag?post=109325"}],"curies":[{"name":"wp","href":"https:\/\/api.w.org\/{rel}","templated":true}]}}