{"id":110971,"date":"2025-02-09T21:54:15","date_gmt":"2025-02-09T20:54:15","guid":{"rendered":"https:\/\/peakalgerie.com\/?post_type=product&#038;p=110971"},"modified":"2026-05-04T10:43:11","modified_gmt":"2026-05-04T09:43:11","slug":"peak-taichi-up30-3-0eilte-white-green","status":"publish","type":"product","link":"https:\/\/peakalgerie.com\/ar\/product\/peak-taichi-up30-3-0eilte-white-green\/","title":{"rendered":"Peak Taichi Up30 3.0Eilte White\/Green"},"content":{"rendered":"<p>PEAK UP 30 ELITE : Vitesse et propulsion avec Taichi et carbone.<\/p>\n<p>Repoussez vos limites avec les PEAK UP 30 ELITE, des chaussures con\u00e7ues pour la performance. Elles combinent une semelle Taichi pour un amorti r\u00e9actif, une plaque en carbone pour une propulsion maximale, et une tige respirante pour un confort optimal m\u00eame \u00e0 haute intensit\u00e9.<\/p>\n<p>Id\u00e9ales pour la comp\u00e9tition et les entra\u00eenements rapides.<\/p>\n<p>Caract\u00e9ristiques principales :<\/p>\n<p>Mod\u00e8le : UP 30 ELITE<br \/>\nMarque : PEAK<br \/>\nSemelle : Taichi (amorti r\u00e9actif)<br \/>\nPlaque : Carbone (propulsion)<br \/>\nTige : Respirante<br \/>\nUsage : Comp\u00e9tition, entra\u00eenements rapides<\/p>","protected":false},"excerpt":{"rendered":"<p>PEAK UP 30 ELITE : Vitesse et propulsion avec Taichi et carbone. Repoussez vos limites avec les PEAK UP 30<\/p>","protected":false},"featured_media":111003,"comment_status":"closed","ping_status":"closed","template":"","meta":[],"pwb-brand":[],"product_brand":[1834],"product_cat":[1575,1570,1881,1875,1874],"product_tag":[1628,1740,1667,1845,1821,1844],"class_list":{"0":"post-110971","1":"product","2":"type-product","3":"status-publish","4":"has-post-thumbnail","6":"product_brand-peak","7":"product_cat-chaussures","8":"product_cat-homme","9":"product_cat-non-class","10":"product_cat-performance","11":"product_cat-running-homme","12":"product_tag-homme","13":"product_tag-peak","14":"product_tag-running","15":"product_tag-running-shoes","16":"product_tag-taichi","17":"product_tag-up-30","19":"first","20":"instock","21":"shipping-taxable","22":"purchasable","23":"product-type-variable"},"supplier_id":null,"supplier_sku":"","barcode":null,"atum_controlled":true,"out_stock_date":null,"out_stock_threshold":null,"inheritable":true,"inbound_stock":0,"stock_on_hold":0,"sold_today":0,"sales_last_days":0,"reserved_stock":0,"customer_returns":0,"warehouse_damage":0,"lost_in_post":0,"other_logs":0,"out_stock_days":0,"lost_sales":0,"has_location":false,"update_date":"2026-05-04T10:45:54","atum_locations":[],"atum_stock_status":"instock","restock_status":false,"low_stock_amount":"","sales_update_date":"2026-05-02T03:35:28","calc_backorders":null,"yoast_head":"<!-- This site is optimized with the Yoast SEO plugin v24.2 - https:\/\/yoast.com\/wordpress\/plugins\/seo\/ -->\n<title>Peak Taichi Up30 3.0Eilte White\/Green - Peak Sport Alg\u00e9rie -<\/title>\n<meta name=\"description\" content=\"Peak Taichi Up30 3.0Eilte White\/Green - Abderrahmane\" \/>\n<meta name=\"robots\" content=\"index, follow, max-snippet:-1, max-image-preview:large, max-video-preview:-1\" \/>\n<link rel=\"canonical\" href=\"https:\/\/peakalgerie.com\/ar\/product\/peak-taichi-up30-3-0eilte-white-green\/\" \/>\n<meta property=\"og:locale\" content=\"ar_AR\" \/>\n<meta property=\"og:type\" content=\"article\" \/>\n<meta property=\"og:title\" content=\"Peak Taichi Up30 3.0Eilte White\/Green - Peak Sport Alg\u00e9rie -\" \/>\n<meta property=\"og:description\" content=\"Peak Taichi Up30 3.0Eilte White\/Green - Abderrahmane\" \/>\n<meta property=\"og:url\" content=\"https:\/\/peakalgerie.com\/ar\/product\/peak-taichi-up30-3-0eilte-white-green\/\" \/>\n<meta property=\"og:site_name\" content=\"Peak Sport Alg\u00e9rie\" \/>\n<meta property=\"article:publisher\" content=\"https:\/\/www.facebook.com\/AIRSTREETDZ\/\" \/>\n<meta property=\"article:modified_time\" content=\"2026-05-04T09:43:11+00:00\" \/>\n<meta property=\"og:image\" content=\"https:\/\/peakalgerie.com\/wp-content\/uploads\/2025\/02\/ET42837H_Ultra-Light-White-Green.jpg\" \/>\n\t<meta property=\"og:image:width\" content=\"1080\" \/>\n\t<meta property=\"og:image:height\" content=\"1080\" \/>\n\t<meta property=\"og:image:type\" content=\"image\/jpeg\" \/>\n<meta name=\"twitter:card\" content=\"summary_large_image\" \/>\n<meta name=\"twitter:label1\" content=\"\u0648\u0642\u062a \u0627\u0644\u0642\u0631\u0627\u0621\u0629 \u0627\u0644\u0645\u064f\u0642\u062f\u0651\u0631\" \/>\n\t<meta name=\"twitter:data1\" content=\"\u062f\u0642\u064a\u0642\u0629 \u0648\u0627\u062d\u062f\u0629\" \/>\n<script type=\"application\/ld+json\" class=\"yoast-schema-graph\">{\"@context\":\"https:\/\/schema.org\",\"@graph\":[{\"@type\":\"WebPage\",\"@id\":\"https:\/\/peakalgerie.com\/fr\/produit\/peak-taichi-up30-3-0eilte-white-green\/\",\"url\":\"https:\/\/peakalgerie.com\/fr\/produit\/peak-taichi-up30-3-0eilte-white-green\/\",\"name\":\"Peak Taichi Up30 3.0Eilte White\/Green - Peak Sport Alg\u00e9rie -\",\"isPartOf\":{\"@id\":\"https:\/\/peakalgerie.com\/fr\/#website\"},\"primaryImageOfPage\":{\"@id\":\"https:\/\/peakalgerie.com\/fr\/produit\/peak-taichi-up30-3-0eilte-white-green\/#primaryimage\"},\"image\":{\"@id\":\"https:\/\/peakalgerie.com\/fr\/produit\/peak-taichi-up30-3-0eilte-white-green\/#primaryimage\"},\"thumbnailUrl\":\"https:\/\/peakalgerie.com\/wp-content\/uploads\/2025\/02\/ET42837H_Ultra-Light-White-Green.jpg\",\"datePublished\":\"2025-02-09T20:54:15+00:00\",\"dateModified\":\"2026-05-04T09:43:11+00:00\",\"description\":\"Peak Taichi Up30 3.0Eilte White\/Green - Abderrahmane\",\"breadcrumb\":{\"@id\":\"https:\/\/peakalgerie.com\/fr\/produit\/peak-taichi-up30-3-0eilte-white-green\/#breadcrumb\"},\"inLanguage\":\"ar\",\"potentialAction\":[{\"@type\":\"ReadAction\",\"target\":[\"https:\/\/peakalgerie.com\/fr\/produit\/peak-taichi-up30-3-0eilte-white-green\/\"]}]},{\"@type\":\"ImageObject\",\"inLanguage\":\"ar\",\"@id\":\"https:\/\/peakalgerie.com\/fr\/produit\/peak-taichi-up30-3-0eilte-white-green\/#primaryimage\",\"url\":\"https:\/\/peakalgerie.com\/wp-content\/uploads\/2025\/02\/ET42837H_Ultra-Light-White-Green.jpg\",\"contentUrl\":\"https:\/\/peakalgerie.com\/wp-content\/uploads\/2025\/02\/ET42837H_Ultra-Light-White-Green.jpg\",\"width\":1080,\"height\":1080},{\"@type\":\"BreadcrumbList\",\"@id\":\"https:\/\/peakalgerie.com\/fr\/produit\/peak-taichi-up30-3-0eilte-white-green\/#breadcrumb\",\"itemListElement\":[{\"@type\":\"ListItem\",\"position\":1,\"name\":\"Accueil\",\"item\":\"https:\/\/peakalgerie.com\/fr\/\"},{\"@type\":\"ListItem\",\"position\":2,\"name\":\"Shop\",\"item\":\"https:\/\/peakalgerie.com\/fr\/boutique\/\"},{\"@type\":\"ListItem\",\"position\":3,\"name\":\"Peak Taichi Up30 3.0Eilte White\/Green\"}]},{\"@type\":\"WebSite\",\"@id\":\"https:\/\/peakalgerie.com\/fr\/#website\",\"url\":\"https:\/\/peakalgerie.com\/fr\/\",\"name\":\"Peak Sport Alg\u00e9rie\",\"description\":\"Peak Sports : Top Performance\",\"publisher\":{\"@id\":\"https:\/\/peakalgerie.com\/fr\/#organization\"},\"potentialAction\":[{\"@type\":\"SearchAction\",\"target\":{\"@type\":\"EntryPoint\",\"urlTemplate\":\"https:\/\/peakalgerie.com\/fr\/?s={search_term_string}\"},\"query-input\":{\"@type\":\"PropertyValueSpecification\",\"valueRequired\":true,\"valueName\":\"search_term_string\"}}],\"inLanguage\":\"ar\"},{\"@type\":\"Organization\",\"@id\":\"https:\/\/peakalgerie.com\/fr\/#organization\",\"name\":\"AIR STREET\",\"url\":\"https:\/\/peakalgerie.com\/fr\/\",\"logo\":{\"@type\":\"ImageObject\",\"inLanguage\":\"ar\",\"@id\":\"https:\/\/peakalgerie.com\/fr\/#\/schema\/logo\/image\/\",\"url\":\"https:\/\/peakalgerie.com\/wp-content\/uploads\/2021\/01\/thumbnail_logo-airstreet-web.png\",\"contentUrl\":\"https:\/\/peakalgerie.com\/wp-content\/uploads\/2021\/01\/thumbnail_logo-airstreet-web.png\",\"width\":1280,\"height\":900,\"caption\":\"AIR STREET\"},\"image\":{\"@id\":\"https:\/\/peakalgerie.com\/fr\/#\/schema\/logo\/image\/\"},\"sameAs\":[\"https:\/\/www.facebook.com\/AIRSTREETDZ\/\",\"https:\/\/www.instagram.com\/air_street\/\"]}]}<\/script>\n<!-- \/ Yoast SEO plugin. -->","yoast_head_json":{"title":"Peak Taichi Up30 3.0Eilte White\/Green - Peak Sport Alg\u00e9rie -","description":"Peak Taichi Up30 3.0Eilte White\/Green - Abderrahmane","robots":{"index":"index","follow":"follow","max-snippet":"max-snippet:-1","max-image-preview":"max-image-preview:large","max-video-preview":"max-video-preview:-1"},"canonical":"https:\/\/peakalgerie.com\/ar\/product\/peak-taichi-up30-3-0eilte-white-green\/","og_locale":"ar_AR","og_type":"article","og_title":"Peak Taichi Up30 3.0Eilte White\/Green - Peak Sport Alg\u00e9rie -","og_description":"Peak Taichi Up30 3.0Eilte White\/Green - Abderrahmane","og_url":"https:\/\/peakalgerie.com\/ar\/product\/peak-taichi-up30-3-0eilte-white-green\/","og_site_name":"Peak Sport Alg\u00e9rie","article_publisher":"https:\/\/www.facebook.com\/AIRSTREETDZ\/","article_modified_time":"2026-05-04T09:43:11+00:00","og_image":[{"width":1080,"height":1080,"url":"https:\/\/peakalgerie.com\/wp-content\/uploads\/2025\/02\/ET42837H_Ultra-Light-White-Green.jpg","type":"image\/jpeg"}],"twitter_card":"summary_large_image","twitter_misc":{"\u0648\u0642\u062a \u0627\u0644\u0642\u0631\u0627\u0621\u0629 \u0627\u0644\u0645\u064f\u0642\u062f\u0651\u0631":"\u062f\u0642\u064a\u0642\u0629 \u0648\u0627\u062d\u062f\u0629"},"schema":{"@context":"https:\/\/schema.org","@graph":[{"@type":"WebPage","@id":"https:\/\/peakalgerie.com\/fr\/produit\/peak-taichi-up30-3-0eilte-white-green\/","url":"https:\/\/peakalgerie.com\/fr\/produit\/peak-taichi-up30-3-0eilte-white-green\/","name":"Peak Taichi Up30 3.0Eilte White\/Green - Peak Sport Alg\u00e9rie -","isPartOf":{"@id":"https:\/\/peakalgerie.com\/fr\/#website"},"primaryImageOfPage":{"@id":"https:\/\/peakalgerie.com\/fr\/produit\/peak-taichi-up30-3-0eilte-white-green\/#primaryimage"},"image":{"@id":"https:\/\/peakalgerie.com\/fr\/produit\/peak-taichi-up30-3-0eilte-white-green\/#primaryimage"},"thumbnailUrl":"https:\/\/peakalgerie.com\/wp-content\/uploads\/2025\/02\/ET42837H_Ultra-Light-White-Green.jpg","datePublished":"2025-02-09T20:54:15+00:00","dateModified":"2026-05-04T09:43:11+00:00","description":"Peak Taichi Up30 3.0Eilte White\/Green - Abderrahmane","breadcrumb":{"@id":"https:\/\/peakalgerie.com\/fr\/produit\/peak-taichi-up30-3-0eilte-white-green\/#breadcrumb"},"inLanguage":"ar","potentialAction":[{"@type":"ReadAction","target":["https:\/\/peakalgerie.com\/fr\/produit\/peak-taichi-up30-3-0eilte-white-green\/"]}]},{"@type":"ImageObject","inLanguage":"ar","@id":"https:\/\/peakalgerie.com\/fr\/produit\/peak-taichi-up30-3-0eilte-white-green\/#primaryimage","url":"https:\/\/peakalgerie.com\/wp-content\/uploads\/2025\/02\/ET42837H_Ultra-Light-White-Green.jpg","contentUrl":"https:\/\/peakalgerie.com\/wp-content\/uploads\/2025\/02\/ET42837H_Ultra-Light-White-Green.jpg","width":1080,"height":1080},{"@type":"BreadcrumbList","@id":"https:\/\/peakalgerie.com\/fr\/produit\/peak-taichi-up30-3-0eilte-white-green\/#breadcrumb","itemListElement":[{"@type":"ListItem","position":1,"name":"Accueil","item":"https:\/\/peakalgerie.com\/fr\/"},{"@type":"ListItem","position":2,"name":"Shop","item":"https:\/\/peakalgerie.com\/fr\/boutique\/"},{"@type":"ListItem","position":3,"name":"Peak Taichi Up30 3.0Eilte White\/Green"}]},{"@type":"WebSite","@id":"https:\/\/peakalgerie.com\/fr\/#website","url":"https:\/\/peakalgerie.com\/fr\/","name":"Peak Sport Alg\u00e9rie","description":"Peak Sports : Top Performance","publisher":{"@id":"https:\/\/peakalgerie.com\/fr\/#organization"},"potentialAction":[{"@type":"SearchAction","target":{"@type":"EntryPoint","urlTemplate":"https:\/\/peakalgerie.com\/fr\/?s={search_term_string}"},"query-input":{"@type":"PropertyValueSpecification","valueRequired":true,"valueName":"search_term_string"}}],"inLanguage":"ar"},{"@type":"Organization","@id":"https:\/\/peakalgerie.com\/fr\/#organization","name":"AIR STREET","url":"https:\/\/peakalgerie.com\/fr\/","logo":{"@type":"ImageObject","inLanguage":"ar","@id":"https:\/\/peakalgerie.com\/fr\/#\/schema\/logo\/image\/","url":"https:\/\/peakalgerie.com\/wp-content\/uploads\/2021\/01\/thumbnail_logo-airstreet-web.png","contentUrl":"https:\/\/peakalgerie.com\/wp-content\/uploads\/2021\/01\/thumbnail_logo-airstreet-web.png","width":1280,"height":900,"caption":"AIR STREET"},"image":{"@id":"https:\/\/peakalgerie.com\/fr\/#\/schema\/logo\/image\/"},"sameAs":["https:\/\/www.facebook.com\/AIRSTREETDZ\/","https:\/\/www.instagram.com\/air_street\/"]}]}},"brands":[],"_links":{"self":[{"href":"https:\/\/peakalgerie.com\/ar\/wp-json\/wp\/v2\/product\/110971","targetHints":{"allow":["GET"]}}],"collection":[{"href":"https:\/\/peakalgerie.com\/ar\/wp-json\/wp\/v2\/product"}],"about":[{"href":"https:\/\/peakalgerie.com\/ar\/wp-json\/wp\/v2\/types\/product"}],"replies":[{"embeddable":true,"href":"https:\/\/peakalgerie.com\/ar\/wp-json\/wp\/v2\/comments?post=110971"}],"version-history":[{"count":1,"href":"https:\/\/peakalgerie.com\/ar\/wp-json\/wp\/v2\/product\/110971\/revisions"}],"predecessor-version":[{"id":116191,"href":"https:\/\/peakalgerie.com\/ar\/wp-json\/wp\/v2\/product\/110971\/revisions\/116191"}],"wp:featuredmedia":[{"embeddable":true,"href":"https:\/\/peakalgerie.com\/ar\/wp-json\/wp\/v2\/media\/111003"}],"wp:attachment":[{"href":"https:\/\/peakalgerie.com\/ar\/wp-json\/wp\/v2\/media?parent=110971"}],"wp:term":[{"taxonomy":"pwb-brand","embeddable":true,"href":"https:\/\/peakalgerie.com\/ar\/wp-json\/wp\/v2\/pwb-brand?post=110971"},{"taxonomy":"product_brand","embeddable":true,"href":"https:\/\/peakalgerie.com\/ar\/wp-json\/wp\/v2\/product_brand?post=110971"},{"taxonomy":"product_cat","embeddable":true,"href":"https:\/\/peakalgerie.com\/ar\/wp-json\/wp\/v2\/product_cat?post=110971"},{"taxonomy":"product_tag","embeddable":true,"href":"https:\/\/peakalgerie.com\/ar\/wp-json\/wp\/v2\/product_tag?post=110971"}],"curies":[{"name":"wp","href":"https:\/\/api.w.org\/{rel}","templated":true}]}}