{"id":115247,"date":"2025-05-29T15:53:49","date_gmt":"2025-05-29T14:53:49","guid":{"rendered":"https:\/\/peakalgerie.com\/?post_type=product&#038;p=115247"},"modified":"2026-04-05T12:45:12","modified_gmt":"2026-04-05T11:45:12","slug":"peak-casual-shoes-new-grey","status":"publish","type":"product","link":"https:\/\/peakalgerie.com\/ar\/product\/peak-casual-shoes-new-grey\/","title":{"rendered":"Peak Casual Shoes New Grey"},"content":{"rendered":"<p>Propulsez-vous avec aisance gr\u00e2ce \u00e0 ces chaussures de course con\u00e7ues pour offrir l\u00e9g\u00e8ret\u00e9 et confort pendant vos sessions d&rsquo;entra\u00eenement.<\/p>\n<p>Elles sont \u00e9quip\u00e9es d&rsquo;une semelle P-Ultra Light qui assure un amorti r\u00e9actif tout en minimisant le poids, pour une sensation de l\u00e9g\u00e8ret\u00e9 \u00e0 chaque pas. La tige respirante garantit une excellente ventilation, gardant vos pieds au frais et au sec.<\/p>\n<p>Id\u00e9ales pour la course \u00e0 pied, l&rsquo;entra\u00eenement et le sport en salle.<\/p>\n<p>Caract\u00e9ristiques principales :<\/p>\n<p>Semelle : P-Ultra Light (amorti l\u00e9ger)<br \/>\nTige : Respirante<br \/>\nMod\u00e8le : Course, entra\u00eenement<\/p>","protected":false},"excerpt":{"rendered":"<p>Propulsez-vous avec aisance gr\u00e2ce \u00e0 ces chaussures de course con\u00e7ues pour offrir l\u00e9g\u00e8ret\u00e9 et confort pendant vos sessions d&rsquo;entra\u00eenement. Elles<\/p>","protected":false},"featured_media":115028,"comment_status":"closed","ping_status":"closed","template":"","meta":[],"pwb-brand":[],"product_brand":[1834],"product_cat":[1653,1575,1570,1851],"product_tag":[1876],"class_list":{"0":"post-115247","1":"product","2":"type-product","3":"status-publish","4":"has-post-thumbnail","6":"product_brand-peak","7":"product_cat-casual","8":"product_cat-chaussures","9":"product_cat-homme","10":"product_cat-solde","11":"product_tag-big-friday","13":"first","14":"instock","15":"sale","16":"shipping-taxable","17":"purchasable","18":"product-type-variable"},"supplier_id":null,"supplier_sku":"","barcode":null,"atum_controlled":true,"out_stock_date":null,"out_stock_threshold":null,"inheritable":false,"inbound_stock":0,"stock_on_hold":0,"sold_today":0,"sales_last_days":0,"reserved_stock":0,"customer_returns":0,"warehouse_damage":0,"lost_in_post":0,"other_logs":0,"out_stock_days":16,"lost_sales":0,"has_location":false,"update_date":"2026-04-05T11:46:15","atum_locations":[],"atum_stock_status":"instock","restock_status":false,"low_stock_amount":"","sales_update_date":"2026-04-05T00:21:40","calc_backorders":null,"yoast_head":"<!-- This site is optimized with the Yoast SEO plugin v24.2 - https:\/\/yoast.com\/wordpress\/plugins\/seo\/ -->\n<title>Peak Casual Shoes New Grey - Peak Sport Alg\u00e9rie -<\/title>\n<meta name=\"description\" content=\"Peak Casual Shoes New Grey - Abderrahmane\" \/>\n<meta name=\"robots\" content=\"index, follow, max-snippet:-1, max-image-preview:large, max-video-preview:-1\" \/>\n<link rel=\"canonical\" href=\"https:\/\/peakalgerie.com\/ar\/product\/peak-casual-shoes-new-grey\/\" \/>\n<meta property=\"og:locale\" content=\"ar_AR\" \/>\n<meta property=\"og:type\" content=\"article\" \/>\n<meta property=\"og:title\" content=\"Peak Casual Shoes New Grey - Peak Sport Alg\u00e9rie -\" \/>\n<meta property=\"og:description\" content=\"Peak Casual Shoes New Grey - Abderrahmane\" \/>\n<meta property=\"og:url\" content=\"https:\/\/peakalgerie.com\/ar\/product\/peak-casual-shoes-new-grey\/\" \/>\n<meta property=\"og:site_name\" content=\"Peak Sport Alg\u00e9rie\" \/>\n<meta property=\"article:publisher\" content=\"https:\/\/www.facebook.com\/AIRSTREETDZ\/\" \/>\n<meta property=\"article:modified_time\" content=\"2026-04-05T11:45:12+00:00\" \/>\n<meta property=\"og:image\" content=\"https:\/\/peakalgerie.com\/wp-content\/uploads\/2025\/05\/EW49041E_New-Grey.jpg\" \/>\n\t<meta property=\"og:image:width\" content=\"1080\" \/>\n\t<meta property=\"og:image:height\" content=\"1080\" \/>\n\t<meta property=\"og:image:type\" content=\"image\/jpeg\" \/>\n<meta name=\"twitter:card\" content=\"summary_large_image\" \/>\n<script type=\"application\/ld+json\" class=\"yoast-schema-graph\">{\"@context\":\"https:\/\/schema.org\",\"@graph\":[{\"@type\":\"WebPage\",\"@id\":\"https:\/\/peakalgerie.com\/fr\/produit\/peak-casual-shoes-new-grey\/\",\"url\":\"https:\/\/peakalgerie.com\/fr\/produit\/peak-casual-shoes-new-grey\/\",\"name\":\"Peak Casual Shoes New Grey - Peak Sport Alg\u00e9rie -\",\"isPartOf\":{\"@id\":\"https:\/\/peakalgerie.com\/fr\/#website\"},\"primaryImageOfPage\":{\"@id\":\"https:\/\/peakalgerie.com\/fr\/produit\/peak-casual-shoes-new-grey\/#primaryimage\"},\"image\":{\"@id\":\"https:\/\/peakalgerie.com\/fr\/produit\/peak-casual-shoes-new-grey\/#primaryimage\"},\"thumbnailUrl\":\"https:\/\/peakalgerie.com\/wp-content\/uploads\/2025\/05\/EW49041E_New-Grey.jpg\",\"datePublished\":\"2025-05-29T14:53:49+00:00\",\"dateModified\":\"2026-04-05T11:45:12+00:00\",\"description\":\"Peak Casual Shoes New Grey - Abderrahmane\",\"breadcrumb\":{\"@id\":\"https:\/\/peakalgerie.com\/fr\/produit\/peak-casual-shoes-new-grey\/#breadcrumb\"},\"inLanguage\":\"ar\",\"potentialAction\":[{\"@type\":\"ReadAction\",\"target\":[\"https:\/\/peakalgerie.com\/fr\/produit\/peak-casual-shoes-new-grey\/\"]}]},{\"@type\":\"ImageObject\",\"inLanguage\":\"ar\",\"@id\":\"https:\/\/peakalgerie.com\/fr\/produit\/peak-casual-shoes-new-grey\/#primaryimage\",\"url\":\"https:\/\/peakalgerie.com\/wp-content\/uploads\/2025\/05\/EW49041E_New-Grey.jpg\",\"contentUrl\":\"https:\/\/peakalgerie.com\/wp-content\/uploads\/2025\/05\/EW49041E_New-Grey.jpg\",\"width\":1080,\"height\":1080},{\"@type\":\"BreadcrumbList\",\"@id\":\"https:\/\/peakalgerie.com\/fr\/produit\/peak-casual-shoes-new-grey\/#breadcrumb\",\"itemListElement\":[{\"@type\":\"ListItem\",\"position\":1,\"name\":\"Accueil\",\"item\":\"https:\/\/peakalgerie.com\/fr\/\"},{\"@type\":\"ListItem\",\"position\":2,\"name\":\"Shop\",\"item\":\"https:\/\/peakalgerie.com\/fr\/boutique\/\"},{\"@type\":\"ListItem\",\"position\":3,\"name\":\"Peak Casual Shoes New Grey\"}]},{\"@type\":\"WebSite\",\"@id\":\"https:\/\/peakalgerie.com\/fr\/#website\",\"url\":\"https:\/\/peakalgerie.com\/fr\/\",\"name\":\"Peak Sport Alg\u00e9rie\",\"description\":\"Peak Sports : Top Performance\",\"publisher\":{\"@id\":\"https:\/\/peakalgerie.com\/fr\/#organization\"},\"potentialAction\":[{\"@type\":\"SearchAction\",\"target\":{\"@type\":\"EntryPoint\",\"urlTemplate\":\"https:\/\/peakalgerie.com\/fr\/?s={search_term_string}\"},\"query-input\":{\"@type\":\"PropertyValueSpecification\",\"valueRequired\":true,\"valueName\":\"search_term_string\"}}],\"inLanguage\":\"ar\"},{\"@type\":\"Organization\",\"@id\":\"https:\/\/peakalgerie.com\/fr\/#organization\",\"name\":\"AIR STREET\",\"url\":\"https:\/\/peakalgerie.com\/fr\/\",\"logo\":{\"@type\":\"ImageObject\",\"inLanguage\":\"ar\",\"@id\":\"https:\/\/peakalgerie.com\/fr\/#\/schema\/logo\/image\/\",\"url\":\"https:\/\/peakalgerie.com\/wp-content\/uploads\/2021\/01\/thumbnail_logo-airstreet-web.png\",\"contentUrl\":\"https:\/\/peakalgerie.com\/wp-content\/uploads\/2021\/01\/thumbnail_logo-airstreet-web.png\",\"width\":1280,\"height\":900,\"caption\":\"AIR STREET\"},\"image\":{\"@id\":\"https:\/\/peakalgerie.com\/fr\/#\/schema\/logo\/image\/\"},\"sameAs\":[\"https:\/\/www.facebook.com\/AIRSTREETDZ\/\",\"https:\/\/www.instagram.com\/air_street\/\"]}]}<\/script>\n<!-- \/ Yoast SEO plugin. -->","yoast_head_json":{"title":"Peak Casual Shoes New Grey - Peak Sport Alg\u00e9rie -","description":"Peak Casual Shoes New Grey - Abderrahmane","robots":{"index":"index","follow":"follow","max-snippet":"max-snippet:-1","max-image-preview":"max-image-preview:large","max-video-preview":"max-video-preview:-1"},"canonical":"https:\/\/peakalgerie.com\/ar\/product\/peak-casual-shoes-new-grey\/","og_locale":"ar_AR","og_type":"article","og_title":"Peak Casual Shoes New Grey - Peak Sport Alg\u00e9rie -","og_description":"Peak Casual Shoes New Grey - Abderrahmane","og_url":"https:\/\/peakalgerie.com\/ar\/product\/peak-casual-shoes-new-grey\/","og_site_name":"Peak Sport Alg\u00e9rie","article_publisher":"https:\/\/www.facebook.com\/AIRSTREETDZ\/","article_modified_time":"2026-04-05T11:45:12+00:00","og_image":[{"width":1080,"height":1080,"url":"https:\/\/peakalgerie.com\/wp-content\/uploads\/2025\/05\/EW49041E_New-Grey.jpg","type":"image\/jpeg"}],"twitter_card":"summary_large_image","schema":{"@context":"https:\/\/schema.org","@graph":[{"@type":"WebPage","@id":"https:\/\/peakalgerie.com\/fr\/produit\/peak-casual-shoes-new-grey\/","url":"https:\/\/peakalgerie.com\/fr\/produit\/peak-casual-shoes-new-grey\/","name":"Peak Casual Shoes New Grey - Peak Sport Alg\u00e9rie -","isPartOf":{"@id":"https:\/\/peakalgerie.com\/fr\/#website"},"primaryImageOfPage":{"@id":"https:\/\/peakalgerie.com\/fr\/produit\/peak-casual-shoes-new-grey\/#primaryimage"},"image":{"@id":"https:\/\/peakalgerie.com\/fr\/produit\/peak-casual-shoes-new-grey\/#primaryimage"},"thumbnailUrl":"https:\/\/peakalgerie.com\/wp-content\/uploads\/2025\/05\/EW49041E_New-Grey.jpg","datePublished":"2025-05-29T14:53:49+00:00","dateModified":"2026-04-05T11:45:12+00:00","description":"Peak Casual Shoes New Grey - Abderrahmane","breadcrumb":{"@id":"https:\/\/peakalgerie.com\/fr\/produit\/peak-casual-shoes-new-grey\/#breadcrumb"},"inLanguage":"ar","potentialAction":[{"@type":"ReadAction","target":["https:\/\/peakalgerie.com\/fr\/produit\/peak-casual-shoes-new-grey\/"]}]},{"@type":"ImageObject","inLanguage":"ar","@id":"https:\/\/peakalgerie.com\/fr\/produit\/peak-casual-shoes-new-grey\/#primaryimage","url":"https:\/\/peakalgerie.com\/wp-content\/uploads\/2025\/05\/EW49041E_New-Grey.jpg","contentUrl":"https:\/\/peakalgerie.com\/wp-content\/uploads\/2025\/05\/EW49041E_New-Grey.jpg","width":1080,"height":1080},{"@type":"BreadcrumbList","@id":"https:\/\/peakalgerie.com\/fr\/produit\/peak-casual-shoes-new-grey\/#breadcrumb","itemListElement":[{"@type":"ListItem","position":1,"name":"Accueil","item":"https:\/\/peakalgerie.com\/fr\/"},{"@type":"ListItem","position":2,"name":"Shop","item":"https:\/\/peakalgerie.com\/fr\/boutique\/"},{"@type":"ListItem","position":3,"name":"Peak Casual Shoes New Grey"}]},{"@type":"WebSite","@id":"https:\/\/peakalgerie.com\/fr\/#website","url":"https:\/\/peakalgerie.com\/fr\/","name":"Peak Sport Alg\u00e9rie","description":"Peak Sports : Top Performance","publisher":{"@id":"https:\/\/peakalgerie.com\/fr\/#organization"},"potentialAction":[{"@type":"SearchAction","target":{"@type":"EntryPoint","urlTemplate":"https:\/\/peakalgerie.com\/fr\/?s={search_term_string}"},"query-input":{"@type":"PropertyValueSpecification","valueRequired":true,"valueName":"search_term_string"}}],"inLanguage":"ar"},{"@type":"Organization","@id":"https:\/\/peakalgerie.com\/fr\/#organization","name":"AIR STREET","url":"https:\/\/peakalgerie.com\/fr\/","logo":{"@type":"ImageObject","inLanguage":"ar","@id":"https:\/\/peakalgerie.com\/fr\/#\/schema\/logo\/image\/","url":"https:\/\/peakalgerie.com\/wp-content\/uploads\/2021\/01\/thumbnail_logo-airstreet-web.png","contentUrl":"https:\/\/peakalgerie.com\/wp-content\/uploads\/2021\/01\/thumbnail_logo-airstreet-web.png","width":1280,"height":900,"caption":"AIR STREET"},"image":{"@id":"https:\/\/peakalgerie.com\/fr\/#\/schema\/logo\/image\/"},"sameAs":["https:\/\/www.facebook.com\/AIRSTREETDZ\/","https:\/\/www.instagram.com\/air_street\/"]}]}},"brands":[],"_links":{"self":[{"href":"https:\/\/peakalgerie.com\/ar\/wp-json\/wp\/v2\/product\/115247","targetHints":{"allow":["GET"]}}],"collection":[{"href":"https:\/\/peakalgerie.com\/ar\/wp-json\/wp\/v2\/product"}],"about":[{"href":"https:\/\/peakalgerie.com\/ar\/wp-json\/wp\/v2\/types\/product"}],"replies":[{"embeddable":true,"href":"https:\/\/peakalgerie.com\/ar\/wp-json\/wp\/v2\/comments?post=115247"}],"version-history":[{"count":1,"href":"https:\/\/peakalgerie.com\/ar\/wp-json\/wp\/v2\/product\/115247\/revisions"}],"predecessor-version":[{"id":116303,"href":"https:\/\/peakalgerie.com\/ar\/wp-json\/wp\/v2\/product\/115247\/revisions\/116303"}],"wp:featuredmedia":[{"embeddable":true,"href":"https:\/\/peakalgerie.com\/ar\/wp-json\/wp\/v2\/media\/115028"}],"wp:attachment":[{"href":"https:\/\/peakalgerie.com\/ar\/wp-json\/wp\/v2\/media?parent=115247"}],"wp:term":[{"taxonomy":"pwb-brand","embeddable":true,"href":"https:\/\/peakalgerie.com\/ar\/wp-json\/wp\/v2\/pwb-brand?post=115247"},{"taxonomy":"product_brand","embeddable":true,"href":"https:\/\/peakalgerie.com\/ar\/wp-json\/wp\/v2\/product_brand?post=115247"},{"taxonomy":"product_cat","embeddable":true,"href":"https:\/\/peakalgerie.com\/ar\/wp-json\/wp\/v2\/product_cat?post=115247"},{"taxonomy":"product_tag","embeddable":true,"href":"https:\/\/peakalgerie.com\/ar\/wp-json\/wp\/v2\/product_tag?post=115247"}],"curies":[{"name":"wp","href":"https:\/\/api.w.org\/{rel}","templated":true}]}}