{"id":96304,"date":"2024-04-25T20:50:40","date_gmt":"2024-04-25T19:50:40","guid":{"rendered":"https:\/\/peakalgerie.com\/?post_type=product&#038;p=96304"},"modified":"2026-04-05T12:31:02","modified_gmt":"2026-04-05T11:31:02","slug":"peak-slides-lt-coffee-2","status":"publish","type":"product","link":"https:\/\/peakalgerie.com\/ar\/product\/peak-slides-lt-coffee-2\/","title":{"rendered":"Peak Slides Lt.Coffee"},"content":{"rendered":"<p>D\u00e9couvrez une nouvelle exp\u00e9rience de confort avec les claquettes Peak Taichi ! Con\u00e7ues avec une technologie avanc\u00e9e Taichi, elles offrent un amorti dynamique qui s\u2019adapte \u00e0 chaque pas. Leur design ergonomique assure un maintien optimal, tandis que leur semelle antid\u00e9rapante garantit une adh\u00e9rence parfaite sur toutes les surfaces. Ultra-l\u00e9g\u00e8res et incroyablement confortables, elles sont id\u00e9ales pour une utilisation quotidienne.<\/p>\n<p>\ud83d\udd39 Technologie Taichi pour un confort sur mesure<br \/>\n\ud83d\udd39 Semelle antid\u00e9rapante pour une s\u00e9curit\u00e9 renforc\u00e9e<br \/>\n\ud83d\udd39 L\u00e9g\u00e8res et agr\u00e9ables \u00e0 porter toute la journ\u00e9e<\/p>","protected":false},"excerpt":{"rendered":"<p>D\u00e9couvrez une nouvelle exp\u00e9rience de confort avec les claquettes Peak Taichi ! Con\u00e7ues avec une technologie avanc\u00e9e Taichi, elles offrent<\/p>","protected":false},"featured_media":96066,"comment_status":"open","ping_status":"closed","template":"","meta":[],"pwb-brand":[1635],"product_brand":[],"product_cat":[1575,1582,1570],"product_tag":[1629,1636,1628,1732],"class_list":{"0":"post-96304","1":"product","2":"type-product","3":"status-publish","4":"has-post-thumbnail","6":"pwb-brand-marque-peak-sport","7":"product_cat-chaussures","8":"product_cat-claquettes-et-tongs","9":"product_cat-homme","10":"product_tag-chaussures","11":"product_tag-claquettes-et-tongs","12":"product_tag-homme","13":"product_tag-new-collection-april","15":"first","16":"instock","17":"shipping-taxable","18":"purchasable","19":"product-type-variable"},"supplier_id":null,"supplier_sku":"","barcode":null,"atum_controlled":true,"out_stock_date":null,"out_stock_threshold":null,"inheritable":true,"inbound_stock":0,"stock_on_hold":0,"sold_today":0,"sales_last_days":0,"reserved_stock":0,"customer_returns":0,"warehouse_damage":0,"lost_in_post":0,"other_logs":0,"out_stock_days":0,"lost_sales":0,"has_location":false,"update_date":"2026-04-15T01:29:24","atum_locations":[],"atum_stock_status":"instock","restock_status":false,"low_stock_amount":"","sales_update_date":"2026-04-15T01:29:24","calc_backorders":null,"yoast_head":"<!-- This site is optimized with the Yoast SEO plugin v24.2 - https:\/\/yoast.com\/wordpress\/plugins\/seo\/ -->\n<title>Peak Slides Lt.Coffee - Peak Sport Alg\u00e9rie -<\/title>\n<meta name=\"description\" content=\"Peak Slides Lt.Coffee - Abderrahmane\" \/>\n<meta name=\"robots\" content=\"index, follow, max-snippet:-1, max-image-preview:large, max-video-preview:-1\" \/>\n<link rel=\"canonical\" href=\"https:\/\/peakalgerie.com\/ar\/product\/peak-slides-lt-coffee-2\/\" \/>\n<meta property=\"og:locale\" content=\"ar_AR\" \/>\n<meta property=\"og:type\" content=\"article\" \/>\n<meta property=\"og:title\" content=\"Peak Slides Lt.Coffee - Peak Sport Alg\u00e9rie -\" \/>\n<meta property=\"og:description\" content=\"Peak Slides Lt.Coffee - Abderrahmane\" \/>\n<meta property=\"og:url\" content=\"https:\/\/peakalgerie.com\/ar\/product\/peak-slides-lt-coffee-2\/\" \/>\n<meta property=\"og:site_name\" content=\"Peak Sport Alg\u00e9rie\" \/>\n<meta property=\"article:publisher\" content=\"https:\/\/www.facebook.com\/AIRSTREETDZ\/\" \/>\n<meta property=\"article:modified_time\" content=\"2026-04-05T11:31:02+00:00\" \/>\n<meta property=\"og:image\" content=\"https:\/\/peakalgerie.com\/wp-content\/uploads\/2024\/04\/EWT13997L_LT.COFFEE.jpg\" \/>\n\t<meta property=\"og:image:width\" content=\"1000\" \/>\n\t<meta property=\"og:image:height\" content=\"1000\" \/>\n\t<meta property=\"og:image:type\" content=\"image\/jpeg\" \/>\n<meta name=\"twitter:card\" content=\"summary_large_image\" \/>\n<meta name=\"twitter:label1\" content=\"\u0648\u0642\u062a \u0627\u0644\u0642\u0631\u0627\u0621\u0629 \u0627\u0644\u0645\u064f\u0642\u062f\u0651\u0631\" \/>\n\t<meta name=\"twitter:data1\" content=\"\u062f\u0642\u064a\u0642\u0629 \u0648\u0627\u062d\u062f\u0629\" \/>\n<script type=\"application\/ld+json\" class=\"yoast-schema-graph\">{\"@context\":\"https:\/\/schema.org\",\"@graph\":[{\"@type\":\"WebPage\",\"@id\":\"https:\/\/peakalgerie.com\/fr\/produit\/peak-slides-lt-coffee-2\/\",\"url\":\"https:\/\/peakalgerie.com\/fr\/produit\/peak-slides-lt-coffee-2\/\",\"name\":\"Peak Slides Lt.Coffee - Peak Sport Alg\u00e9rie -\",\"isPartOf\":{\"@id\":\"https:\/\/peakalgerie.com\/fr\/#website\"},\"primaryImageOfPage\":{\"@id\":\"https:\/\/peakalgerie.com\/fr\/produit\/peak-slides-lt-coffee-2\/#primaryimage\"},\"image\":{\"@id\":\"https:\/\/peakalgerie.com\/fr\/produit\/peak-slides-lt-coffee-2\/#primaryimage\"},\"thumbnailUrl\":\"https:\/\/peakalgerie.com\/wp-content\/uploads\/2024\/04\/EWT13997L_LT.COFFEE.jpg\",\"datePublished\":\"2024-04-25T19:50:40+00:00\",\"dateModified\":\"2026-04-05T11:31:02+00:00\",\"description\":\"Peak Slides Lt.Coffee - Abderrahmane\",\"breadcrumb\":{\"@id\":\"https:\/\/peakalgerie.com\/fr\/produit\/peak-slides-lt-coffee-2\/#breadcrumb\"},\"inLanguage\":\"ar\",\"potentialAction\":[{\"@type\":\"ReadAction\",\"target\":[\"https:\/\/peakalgerie.com\/fr\/produit\/peak-slides-lt-coffee-2\/\"]}]},{\"@type\":\"ImageObject\",\"inLanguage\":\"ar\",\"@id\":\"https:\/\/peakalgerie.com\/fr\/produit\/peak-slides-lt-coffee-2\/#primaryimage\",\"url\":\"https:\/\/peakalgerie.com\/wp-content\/uploads\/2024\/04\/EWT13997L_LT.COFFEE.jpg\",\"contentUrl\":\"https:\/\/peakalgerie.com\/wp-content\/uploads\/2024\/04\/EWT13997L_LT.COFFEE.jpg\",\"width\":1000,\"height\":1000,\"caption\":\"Ewt13997l Lt.coffee\"},{\"@type\":\"BreadcrumbList\",\"@id\":\"https:\/\/peakalgerie.com\/fr\/produit\/peak-slides-lt-coffee-2\/#breadcrumb\",\"itemListElement\":[{\"@type\":\"ListItem\",\"position\":1,\"name\":\"Accueil\",\"item\":\"https:\/\/peakalgerie.com\/fr\/\"},{\"@type\":\"ListItem\",\"position\":2,\"name\":\"Shop\",\"item\":\"https:\/\/peakalgerie.com\/fr\/boutique\/\"},{\"@type\":\"ListItem\",\"position\":3,\"name\":\"Peak Slides Lt.Coffee\"}]},{\"@type\":\"WebSite\",\"@id\":\"https:\/\/peakalgerie.com\/fr\/#website\",\"url\":\"https:\/\/peakalgerie.com\/fr\/\",\"name\":\"Peak Sport Alg\u00e9rie\",\"description\":\"Peak Sports : Top Performance\",\"publisher\":{\"@id\":\"https:\/\/peakalgerie.com\/fr\/#organization\"},\"potentialAction\":[{\"@type\":\"SearchAction\",\"target\":{\"@type\":\"EntryPoint\",\"urlTemplate\":\"https:\/\/peakalgerie.com\/fr\/?s={search_term_string}\"},\"query-input\":{\"@type\":\"PropertyValueSpecification\",\"valueRequired\":true,\"valueName\":\"search_term_string\"}}],\"inLanguage\":\"ar\"},{\"@type\":\"Organization\",\"@id\":\"https:\/\/peakalgerie.com\/fr\/#organization\",\"name\":\"AIR STREET\",\"url\":\"https:\/\/peakalgerie.com\/fr\/\",\"logo\":{\"@type\":\"ImageObject\",\"inLanguage\":\"ar\",\"@id\":\"https:\/\/peakalgerie.com\/fr\/#\/schema\/logo\/image\/\",\"url\":\"https:\/\/peakalgerie.com\/wp-content\/uploads\/2021\/01\/thumbnail_logo-airstreet-web.png\",\"contentUrl\":\"https:\/\/peakalgerie.com\/wp-content\/uploads\/2021\/01\/thumbnail_logo-airstreet-web.png\",\"width\":1280,\"height\":900,\"caption\":\"AIR STREET\"},\"image\":{\"@id\":\"https:\/\/peakalgerie.com\/fr\/#\/schema\/logo\/image\/\"},\"sameAs\":[\"https:\/\/www.facebook.com\/AIRSTREETDZ\/\",\"https:\/\/www.instagram.com\/air_street\/\"]}]}<\/script>\n<!-- \/ Yoast SEO plugin. -->","yoast_head_json":{"title":"Peak Slides Lt.Coffee - Peak Sport Alg\u00e9rie -","description":"Peak Slides Lt.Coffee - Abderrahmane","robots":{"index":"index","follow":"follow","max-snippet":"max-snippet:-1","max-image-preview":"max-image-preview:large","max-video-preview":"max-video-preview:-1"},"canonical":"https:\/\/peakalgerie.com\/ar\/product\/peak-slides-lt-coffee-2\/","og_locale":"ar_AR","og_type":"article","og_title":"Peak Slides Lt.Coffee - Peak Sport Alg\u00e9rie -","og_description":"Peak Slides Lt.Coffee - Abderrahmane","og_url":"https:\/\/peakalgerie.com\/ar\/product\/peak-slides-lt-coffee-2\/","og_site_name":"Peak Sport Alg\u00e9rie","article_publisher":"https:\/\/www.facebook.com\/AIRSTREETDZ\/","article_modified_time":"2026-04-05T11:31:02+00:00","og_image":[{"width":1000,"height":1000,"url":"https:\/\/peakalgerie.com\/wp-content\/uploads\/2024\/04\/EWT13997L_LT.COFFEE.jpg","type":"image\/jpeg"}],"twitter_card":"summary_large_image","twitter_misc":{"\u0648\u0642\u062a \u0627\u0644\u0642\u0631\u0627\u0621\u0629 \u0627\u0644\u0645\u064f\u0642\u062f\u0651\u0631":"\u062f\u0642\u064a\u0642\u0629 \u0648\u0627\u062d\u062f\u0629"},"schema":{"@context":"https:\/\/schema.org","@graph":[{"@type":"WebPage","@id":"https:\/\/peakalgerie.com\/fr\/produit\/peak-slides-lt-coffee-2\/","url":"https:\/\/peakalgerie.com\/fr\/produit\/peak-slides-lt-coffee-2\/","name":"Peak Slides Lt.Coffee - Peak Sport Alg\u00e9rie -","isPartOf":{"@id":"https:\/\/peakalgerie.com\/fr\/#website"},"primaryImageOfPage":{"@id":"https:\/\/peakalgerie.com\/fr\/produit\/peak-slides-lt-coffee-2\/#primaryimage"},"image":{"@id":"https:\/\/peakalgerie.com\/fr\/produit\/peak-slides-lt-coffee-2\/#primaryimage"},"thumbnailUrl":"https:\/\/peakalgerie.com\/wp-content\/uploads\/2024\/04\/EWT13997L_LT.COFFEE.jpg","datePublished":"2024-04-25T19:50:40+00:00","dateModified":"2026-04-05T11:31:02+00:00","description":"Peak Slides Lt.Coffee - Abderrahmane","breadcrumb":{"@id":"https:\/\/peakalgerie.com\/fr\/produit\/peak-slides-lt-coffee-2\/#breadcrumb"},"inLanguage":"ar","potentialAction":[{"@type":"ReadAction","target":["https:\/\/peakalgerie.com\/fr\/produit\/peak-slides-lt-coffee-2\/"]}]},{"@type":"ImageObject","inLanguage":"ar","@id":"https:\/\/peakalgerie.com\/fr\/produit\/peak-slides-lt-coffee-2\/#primaryimage","url":"https:\/\/peakalgerie.com\/wp-content\/uploads\/2024\/04\/EWT13997L_LT.COFFEE.jpg","contentUrl":"https:\/\/peakalgerie.com\/wp-content\/uploads\/2024\/04\/EWT13997L_LT.COFFEE.jpg","width":1000,"height":1000,"caption":"Ewt13997l Lt.coffee"},{"@type":"BreadcrumbList","@id":"https:\/\/peakalgerie.com\/fr\/produit\/peak-slides-lt-coffee-2\/#breadcrumb","itemListElement":[{"@type":"ListItem","position":1,"name":"Accueil","item":"https:\/\/peakalgerie.com\/fr\/"},{"@type":"ListItem","position":2,"name":"Shop","item":"https:\/\/peakalgerie.com\/fr\/boutique\/"},{"@type":"ListItem","position":3,"name":"Peak Slides Lt.Coffee"}]},{"@type":"WebSite","@id":"https:\/\/peakalgerie.com\/fr\/#website","url":"https:\/\/peakalgerie.com\/fr\/","name":"Peak Sport Alg\u00e9rie","description":"Peak Sports : Top Performance","publisher":{"@id":"https:\/\/peakalgerie.com\/fr\/#organization"},"potentialAction":[{"@type":"SearchAction","target":{"@type":"EntryPoint","urlTemplate":"https:\/\/peakalgerie.com\/fr\/?s={search_term_string}"},"query-input":{"@type":"PropertyValueSpecification","valueRequired":true,"valueName":"search_term_string"}}],"inLanguage":"ar"},{"@type":"Organization","@id":"https:\/\/peakalgerie.com\/fr\/#organization","name":"AIR STREET","url":"https:\/\/peakalgerie.com\/fr\/","logo":{"@type":"ImageObject","inLanguage":"ar","@id":"https:\/\/peakalgerie.com\/fr\/#\/schema\/logo\/image\/","url":"https:\/\/peakalgerie.com\/wp-content\/uploads\/2021\/01\/thumbnail_logo-airstreet-web.png","contentUrl":"https:\/\/peakalgerie.com\/wp-content\/uploads\/2021\/01\/thumbnail_logo-airstreet-web.png","width":1280,"height":900,"caption":"AIR STREET"},"image":{"@id":"https:\/\/peakalgerie.com\/fr\/#\/schema\/logo\/image\/"},"sameAs":["https:\/\/www.facebook.com\/AIRSTREETDZ\/","https:\/\/www.instagram.com\/air_street\/"]}]}},"brands":[{"id":1635,"name":"PEAK","slug":"marque-peak-sport"}],"_links":{"self":[{"href":"https:\/\/peakalgerie.com\/ar\/wp-json\/wp\/v2\/product\/96304","targetHints":{"allow":["GET"]}}],"collection":[{"href":"https:\/\/peakalgerie.com\/ar\/wp-json\/wp\/v2\/product"}],"about":[{"href":"https:\/\/peakalgerie.com\/ar\/wp-json\/wp\/v2\/types\/product"}],"replies":[{"embeddable":true,"href":"https:\/\/peakalgerie.com\/ar\/wp-json\/wp\/v2\/comments?post=96304"}],"version-history":[{"count":0,"href":"https:\/\/peakalgerie.com\/ar\/wp-json\/wp\/v2\/product\/96304\/revisions"}],"wp:featuredmedia":[{"embeddable":true,"href":"https:\/\/peakalgerie.com\/ar\/wp-json\/wp\/v2\/media\/96066"}],"wp:attachment":[{"href":"https:\/\/peakalgerie.com\/ar\/wp-json\/wp\/v2\/media?parent=96304"}],"wp:term":[{"taxonomy":"pwb-brand","embeddable":true,"href":"https:\/\/peakalgerie.com\/ar\/wp-json\/wp\/v2\/pwb-brand?post=96304"},{"taxonomy":"product_brand","embeddable":true,"href":"https:\/\/peakalgerie.com\/ar\/wp-json\/wp\/v2\/product_brand?post=96304"},{"taxonomy":"product_cat","embeddable":true,"href":"https:\/\/peakalgerie.com\/ar\/wp-json\/wp\/v2\/product_cat?post=96304"},{"taxonomy":"product_tag","embeddable":true,"href":"https:\/\/peakalgerie.com\/ar\/wp-json\/wp\/v2\/product_tag?post=96304"}],"curies":[{"name":"wp","href":"https:\/\/api.w.org\/{rel}","templated":true}]}}