{"id":104600,"date":"2024-10-23T15:33:24","date_gmt":"2024-10-23T14:33:24","guid":{"rendered":"https:\/\/peakalgerie.com\/?post_type=product&#038;p=104600"},"modified":"2026-04-19T23:25:28","modified_gmt":"2026-04-19T22:25:28","slug":"peak-up30-pro-gouache-green","status":"publish","type":"product","link":"https:\/\/peakalgerie.com\/fr\/produit\/peak-up30-pro-gouache-green\/","title":{"rendered":"Peak Up30 Pro Gouache Green"},"content":{"rendered":"<p>UP 30 PRO : Vitesse, puissance, contr\u00f4le.<br \/>\nPens\u00e9e pour les coureurs ambitieux, la UP 30 PRO repousse les limites de la performance avec un mix parfait de technologies avanc\u00e9es et de confort de haut niveau.<\/p>\n<p>Sa tige respirante assure une ventilation optimale, m\u00eame pendant les efforts intenses. La mousse TAICHI absorbe les chocs et restitue l\u2019\u00e9nergie pour une foul\u00e9e fluide, tandis que la plaque carbone int\u00e9gr\u00e9e apporte une propulsion puissante et une stabilit\u00e9 renforc\u00e9e.<\/p>\n<p>Un mod\u00e8le con\u00e7u pour battre vos records.<\/p>\n<p>Caract\u00e9ristiques principales :<\/p>\n<p>Semelle interm\u00e9diaire : TAICHI (amorti intelligent et dynamique)<\/p>\n<p>Propulsion : Plaque carbone (retour d\u2019\u00e9nergie maximal)<\/p>\n<p>Tige : Mesh technique ultra-respirant<\/p>\n<p>Design : Silhouette a\u00e9rodynamique, finitions pro<\/p>\n<p>Usage : Comp\u00e9tition, entra\u00eenement intensif, longue distance<\/p>\n","protected":false},"excerpt":{"rendered":"<p>UP 30 PRO : Vitesse, puissance, contr\u00f4le. Pens\u00e9e pour les coureurs ambitieux, la UP 30 PRO repousse les limites de<\/p>\n","protected":false},"featured_media":104373,"comment_status":"open","ping_status":"closed","template":"","meta":[],"pwb-brand":[1635],"product_brand":[],"product_cat":[1575,1570,1875,1874,1851],"product_tag":[1629,1787,1628,1772,1667,1845,1844,1880],"class_list":{"0":"post-104600","1":"product","2":"type-product","3":"status-publish","4":"has-post-thumbnail","6":"pwb-brand-marque-peak-sport","7":"product_cat-chaussures","8":"product_cat-homme","9":"product_cat-performance","10":"product_cat-running-homme","11":"product_cat-solde","12":"product_tag-chaussures","13":"product_tag-collection-septembre-2-2024","14":"product_tag-homme","15":"product_tag-peak-homme","16":"product_tag-running","17":"product_tag-running-shoes","18":"product_tag-up-30","19":"product_tag-vente-flash","21":"first","22":"outofstock","23":"shipping-taxable","24":"product-type-variable"},"supplier_id":null,"supplier_sku":"","barcode":null,"atum_controlled":true,"out_stock_date":"2025-12-27 16:16:13","out_stock_threshold":null,"inheritable":true,"inbound_stock":0,"stock_on_hold":0,"sold_today":0,"sales_last_days":0,"reserved_stock":0,"customer_returns":0,"warehouse_damage":0,"lost_in_post":0,"other_logs":0,"out_stock_days":114,"lost_sales":0,"has_location":false,"update_date":"2026-04-21T02:13:11","atum_locations":[],"atum_stock_status":"outofstock","restock_status":false,"low_stock_amount":"","sales_update_date":"2026-04-21T02:13:11","calc_backorders":null,"yoast_head":"<!-- This site is optimized with the Yoast SEO plugin v24.2 - https:\/\/yoast.com\/wordpress\/plugins\/seo\/ -->\n<title>Peak Up30 Pro Gouache Green - Peak Sport Alg\u00e9rie -<\/title>\n<meta name=\"description\" content=\"Peak Up30 Pro Gouache Green - Abderrahmane\" \/>\n<meta name=\"robots\" content=\"index, follow, max-snippet:-1, max-image-preview:large, max-video-preview:-1\" \/>\n<link rel=\"canonical\" href=\"https:\/\/peakalgerie.com\/fr\/produit\/peak-up30-pro-gouache-green\/\" \/>\n<meta property=\"og:locale\" content=\"fr_FR\" \/>\n<meta property=\"og:type\" content=\"article\" \/>\n<meta property=\"og:title\" content=\"Peak Up30 Pro Gouache Green - Peak Sport Alg\u00e9rie -\" \/>\n<meta property=\"og:description\" content=\"Peak Up30 Pro Gouache Green - Abderrahmane\" \/>\n<meta property=\"og:url\" content=\"https:\/\/peakalgerie.com\/fr\/produit\/peak-up30-pro-gouache-green\/\" \/>\n<meta property=\"og:site_name\" content=\"Peak Sport Alg\u00e9rie\" \/>\n<meta property=\"article:publisher\" content=\"https:\/\/www.facebook.com\/AIRSTREETDZ\/\" \/>\n<meta property=\"article:modified_time\" content=\"2026-04-19T22:25:28+00:00\" \/>\n<meta property=\"og:image\" content=\"https:\/\/peakalgerie.com\/wp-content\/uploads\/2024\/10\/ET41601H_Gouache-Green.jpg\" \/>\n\t<meta property=\"og:image:width\" content=\"1920\" \/>\n\t<meta property=\"og:image:height\" content=\"1920\" \/>\n\t<meta property=\"og:image:type\" content=\"image\/jpeg\" \/>\n<meta name=\"twitter:card\" content=\"summary_large_image\" \/>\n<meta name=\"twitter:label1\" content=\"Dur\u00e9e de lecture estim\u00e9e\" \/>\n\t<meta name=\"twitter:data1\" content=\"1 minute\" \/>\n<script type=\"application\/ld+json\" class=\"yoast-schema-graph\">{\"@context\":\"https:\/\/schema.org\",\"@graph\":[{\"@type\":\"WebPage\",\"@id\":\"https:\/\/peakalgerie.com\/fr\/produit\/peak-up30-pro-gouache-green\/\",\"url\":\"https:\/\/peakalgerie.com\/fr\/produit\/peak-up30-pro-gouache-green\/\",\"name\":\"Peak Up30 Pro Gouache Green - Peak Sport Alg\u00e9rie -\",\"isPartOf\":{\"@id\":\"https:\/\/peakalgerie.com\/fr\/#website\"},\"primaryImageOfPage\":{\"@id\":\"https:\/\/peakalgerie.com\/fr\/produit\/peak-up30-pro-gouache-green\/#primaryimage\"},\"image\":{\"@id\":\"https:\/\/peakalgerie.com\/fr\/produit\/peak-up30-pro-gouache-green\/#primaryimage\"},\"thumbnailUrl\":\"https:\/\/peakalgerie.com\/wp-content\/uploads\/2024\/10\/ET41601H_Gouache-Green.jpg\",\"datePublished\":\"2024-10-23T14:33:24+00:00\",\"dateModified\":\"2026-04-19T22:25:28+00:00\",\"description\":\"Peak Up30 Pro Gouache Green - Abderrahmane\",\"breadcrumb\":{\"@id\":\"https:\/\/peakalgerie.com\/fr\/produit\/peak-up30-pro-gouache-green\/#breadcrumb\"},\"inLanguage\":\"fr-FR\",\"potentialAction\":[{\"@type\":\"ReadAction\",\"target\":[\"https:\/\/peakalgerie.com\/fr\/produit\/peak-up30-pro-gouache-green\/\"]}]},{\"@type\":\"ImageObject\",\"inLanguage\":\"fr-FR\",\"@id\":\"https:\/\/peakalgerie.com\/fr\/produit\/peak-up30-pro-gouache-green\/#primaryimage\",\"url\":\"https:\/\/peakalgerie.com\/wp-content\/uploads\/2024\/10\/ET41601H_Gouache-Green.jpg\",\"contentUrl\":\"https:\/\/peakalgerie.com\/wp-content\/uploads\/2024\/10\/ET41601H_Gouache-Green.jpg\",\"width\":1920,\"height\":1920},{\"@type\":\"BreadcrumbList\",\"@id\":\"https:\/\/peakalgerie.com\/fr\/produit\/peak-up30-pro-gouache-green\/#breadcrumb\",\"itemListElement\":[{\"@type\":\"ListItem\",\"position\":1,\"name\":\"Accueil\",\"item\":\"https:\/\/peakalgerie.com\/fr\/\"},{\"@type\":\"ListItem\",\"position\":2,\"name\":\"Shop\",\"item\":\"https:\/\/peakalgerie.com\/fr\/boutique\/\"},{\"@type\":\"ListItem\",\"position\":3,\"name\":\"Peak Up30 Pro Gouache Green\"}]},{\"@type\":\"WebSite\",\"@id\":\"https:\/\/peakalgerie.com\/fr\/#website\",\"url\":\"https:\/\/peakalgerie.com\/fr\/\",\"name\":\"Peak Sport Alg\u00e9rie\",\"description\":\"Peak Sports : Top Performance\",\"publisher\":{\"@id\":\"https:\/\/peakalgerie.com\/fr\/#organization\"},\"potentialAction\":[{\"@type\":\"SearchAction\",\"target\":{\"@type\":\"EntryPoint\",\"urlTemplate\":\"https:\/\/peakalgerie.com\/fr\/?s={search_term_string}\"},\"query-input\":{\"@type\":\"PropertyValueSpecification\",\"valueRequired\":true,\"valueName\":\"search_term_string\"}}],\"inLanguage\":\"fr-FR\"},{\"@type\":\"Organization\",\"@id\":\"https:\/\/peakalgerie.com\/fr\/#organization\",\"name\":\"AIR STREET\",\"url\":\"https:\/\/peakalgerie.com\/fr\/\",\"logo\":{\"@type\":\"ImageObject\",\"inLanguage\":\"fr-FR\",\"@id\":\"https:\/\/peakalgerie.com\/fr\/#\/schema\/logo\/image\/\",\"url\":\"https:\/\/peakalgerie.com\/wp-content\/uploads\/2021\/01\/thumbnail_logo-airstreet-web.png\",\"contentUrl\":\"https:\/\/peakalgerie.com\/wp-content\/uploads\/2021\/01\/thumbnail_logo-airstreet-web.png\",\"width\":1280,\"height\":900,\"caption\":\"AIR STREET\"},\"image\":{\"@id\":\"https:\/\/peakalgerie.com\/fr\/#\/schema\/logo\/image\/\"},\"sameAs\":[\"https:\/\/www.facebook.com\/AIRSTREETDZ\/\",\"https:\/\/www.instagram.com\/air_street\/\"]}]}<\/script>\n<!-- \/ Yoast SEO plugin. -->","yoast_head_json":{"title":"Peak Up30 Pro Gouache Green - Peak Sport Alg\u00e9rie -","description":"Peak Up30 Pro Gouache Green - Abderrahmane","robots":{"index":"index","follow":"follow","max-snippet":"max-snippet:-1","max-image-preview":"max-image-preview:large","max-video-preview":"max-video-preview:-1"},"canonical":"https:\/\/peakalgerie.com\/fr\/produit\/peak-up30-pro-gouache-green\/","og_locale":"fr_FR","og_type":"article","og_title":"Peak Up30 Pro Gouache Green - Peak Sport Alg\u00e9rie -","og_description":"Peak Up30 Pro Gouache Green - Abderrahmane","og_url":"https:\/\/peakalgerie.com\/fr\/produit\/peak-up30-pro-gouache-green\/","og_site_name":"Peak Sport Alg\u00e9rie","article_publisher":"https:\/\/www.facebook.com\/AIRSTREETDZ\/","article_modified_time":"2026-04-19T22:25:28+00:00","og_image":[{"width":1920,"height":1920,"url":"https:\/\/peakalgerie.com\/wp-content\/uploads\/2024\/10\/ET41601H_Gouache-Green.jpg","type":"image\/jpeg"}],"twitter_card":"summary_large_image","twitter_misc":{"Dur\u00e9e de lecture estim\u00e9e":"1 minute"},"schema":{"@context":"https:\/\/schema.org","@graph":[{"@type":"WebPage","@id":"https:\/\/peakalgerie.com\/fr\/produit\/peak-up30-pro-gouache-green\/","url":"https:\/\/peakalgerie.com\/fr\/produit\/peak-up30-pro-gouache-green\/","name":"Peak Up30 Pro Gouache Green - Peak Sport Alg\u00e9rie -","isPartOf":{"@id":"https:\/\/peakalgerie.com\/fr\/#website"},"primaryImageOfPage":{"@id":"https:\/\/peakalgerie.com\/fr\/produit\/peak-up30-pro-gouache-green\/#primaryimage"},"image":{"@id":"https:\/\/peakalgerie.com\/fr\/produit\/peak-up30-pro-gouache-green\/#primaryimage"},"thumbnailUrl":"https:\/\/peakalgerie.com\/wp-content\/uploads\/2024\/10\/ET41601H_Gouache-Green.jpg","datePublished":"2024-10-23T14:33:24+00:00","dateModified":"2026-04-19T22:25:28+00:00","description":"Peak Up30 Pro Gouache Green - Abderrahmane","breadcrumb":{"@id":"https:\/\/peakalgerie.com\/fr\/produit\/peak-up30-pro-gouache-green\/#breadcrumb"},"inLanguage":"fr-FR","potentialAction":[{"@type":"ReadAction","target":["https:\/\/peakalgerie.com\/fr\/produit\/peak-up30-pro-gouache-green\/"]}]},{"@type":"ImageObject","inLanguage":"fr-FR","@id":"https:\/\/peakalgerie.com\/fr\/produit\/peak-up30-pro-gouache-green\/#primaryimage","url":"https:\/\/peakalgerie.com\/wp-content\/uploads\/2024\/10\/ET41601H_Gouache-Green.jpg","contentUrl":"https:\/\/peakalgerie.com\/wp-content\/uploads\/2024\/10\/ET41601H_Gouache-Green.jpg","width":1920,"height":1920},{"@type":"BreadcrumbList","@id":"https:\/\/peakalgerie.com\/fr\/produit\/peak-up30-pro-gouache-green\/#breadcrumb","itemListElement":[{"@type":"ListItem","position":1,"name":"Accueil","item":"https:\/\/peakalgerie.com\/fr\/"},{"@type":"ListItem","position":2,"name":"Shop","item":"https:\/\/peakalgerie.com\/fr\/boutique\/"},{"@type":"ListItem","position":3,"name":"Peak Up30 Pro Gouache Green"}]},{"@type":"WebSite","@id":"https:\/\/peakalgerie.com\/fr\/#website","url":"https:\/\/peakalgerie.com\/fr\/","name":"Peak Sport Alg\u00e9rie","description":"Peak Sports : Top Performance","publisher":{"@id":"https:\/\/peakalgerie.com\/fr\/#organization"},"potentialAction":[{"@type":"SearchAction","target":{"@type":"EntryPoint","urlTemplate":"https:\/\/peakalgerie.com\/fr\/?s={search_term_string}"},"query-input":{"@type":"PropertyValueSpecification","valueRequired":true,"valueName":"search_term_string"}}],"inLanguage":"fr-FR"},{"@type":"Organization","@id":"https:\/\/peakalgerie.com\/fr\/#organization","name":"AIR STREET","url":"https:\/\/peakalgerie.com\/fr\/","logo":{"@type":"ImageObject","inLanguage":"fr-FR","@id":"https:\/\/peakalgerie.com\/fr\/#\/schema\/logo\/image\/","url":"https:\/\/peakalgerie.com\/wp-content\/uploads\/2021\/01\/thumbnail_logo-airstreet-web.png","contentUrl":"https:\/\/peakalgerie.com\/wp-content\/uploads\/2021\/01\/thumbnail_logo-airstreet-web.png","width":1280,"height":900,"caption":"AIR STREET"},"image":{"@id":"https:\/\/peakalgerie.com\/fr\/#\/schema\/logo\/image\/"},"sameAs":["https:\/\/www.facebook.com\/AIRSTREETDZ\/","https:\/\/www.instagram.com\/air_street\/"]}]}},"brands":[{"id":1635,"name":"PEAK","slug":"marque-peak-sport"}],"_links":{"self":[{"href":"https:\/\/peakalgerie.com\/fr\/wp-json\/wp\/v2\/product\/104600","targetHints":{"allow":["GET"]}}],"collection":[{"href":"https:\/\/peakalgerie.com\/fr\/wp-json\/wp\/v2\/product"}],"about":[{"href":"https:\/\/peakalgerie.com\/fr\/wp-json\/wp\/v2\/types\/product"}],"replies":[{"embeddable":true,"href":"https:\/\/peakalgerie.com\/fr\/wp-json\/wp\/v2\/comments?post=104600"}],"version-history":[{"count":2,"href":"https:\/\/peakalgerie.com\/fr\/wp-json\/wp\/v2\/product\/104600\/revisions"}],"predecessor-version":[{"id":116193,"href":"https:\/\/peakalgerie.com\/fr\/wp-json\/wp\/v2\/product\/104600\/revisions\/116193"}],"wp:featuredmedia":[{"embeddable":true,"href":"https:\/\/peakalgerie.com\/fr\/wp-json\/wp\/v2\/media\/104373"}],"wp:attachment":[{"href":"https:\/\/peakalgerie.com\/fr\/wp-json\/wp\/v2\/media?parent=104600"}],"wp:term":[{"taxonomy":"pwb-brand","embeddable":true,"href":"https:\/\/peakalgerie.com\/fr\/wp-json\/wp\/v2\/pwb-brand?post=104600"},{"taxonomy":"product_brand","embeddable":true,"href":"https:\/\/peakalgerie.com\/fr\/wp-json\/wp\/v2\/product_brand?post=104600"},{"taxonomy":"product_cat","embeddable":true,"href":"https:\/\/peakalgerie.com\/fr\/wp-json\/wp\/v2\/product_cat?post=104600"},{"taxonomy":"product_tag","embeddable":true,"href":"https:\/\/peakalgerie.com\/fr\/wp-json\/wp\/v2\/product_tag?post=104600"}],"curies":[{"name":"wp","href":"https:\/\/api.w.org\/{rel}","templated":true}]}}