{"id":87816,"date":"2024-01-16T10:41:33","date_gmt":"2024-01-16T09:41:33","guid":{"rendered":"https:\/\/peakalgerie.com\/?post_type=product&#038;p=87816"},"modified":"2026-03-16T08:00:22","modified_gmt":"2026-03-16T07:00:22","slug":"peak-casual-shoes-magnetic-gray","status":"publish","type":"product","link":"https:\/\/peakalgerie.com\/fr\/produit\/peak-casual-shoes-magnetic-gray\/","title":{"rendered":"Peak Casual Shoes Magnetic Gray"},"content":{"rendered":"<p>R\u00e9tro Taichi Casual : Un style vintage avec le confort d&rsquo;aujourd&rsquo;hui.<\/p>\n<p>Craquez pour le charme de ces chaussures r\u00e9tro casual. Leur design s&rsquo;inspire des tendances pass\u00e9es tout en int\u00e9grant le confort moderne de la semelle Taichi, vous offrant un amorti agr\u00e9able pour toutes vos activit\u00e9s quotidiennes.<\/p>\n<p>Parfaites pour ajouter une touche vintage et confortable \u00e0 votre style.<\/p>\n<p>Caract\u00e9ristiques principales :<\/p>\n<p>Style : R\u00e9tro, Casual<br \/>\nSemelle : Taichi (confort et amorti)<br \/>\nId\u00e9al pour : Usage quotidien, un look r\u00e9tro et confortable<\/p>\n","protected":false},"excerpt":{"rendered":"<p>R\u00e9tro Taichi Casual : Un style vintage avec le confort d&rsquo;aujourd&rsquo;hui. Craquez pour le charme de ces chaussures r\u00e9tro casual.<\/p>\n","protected":false},"featured_media":87481,"comment_status":"open","ping_status":"closed","template":"","meta":[],"pwb-brand":[1635],"product_brand":[],"product_cat":[1653,1575,1570,1584],"product_tag":[],"class_list":{"0":"post-87816","1":"product","2":"type-product","3":"status-publish","4":"has-post-thumbnail","6":"pwb-brand-marque-peak-sport","7":"product_cat-casual","8":"product_cat-chaussures","9":"product_cat-homme","10":"product_cat-tout","12":"first","13":"outofstock","14":"shipping-taxable","15":"product-type-variable"},"supplier_id":null,"supplier_sku":"","barcode":null,"atum_controlled":true,"out_stock_date":"2026-03-01 20:49:27","out_stock_threshold":null,"inheritable":false,"inbound_stock":0,"stock_on_hold":0,"sold_today":0,"sales_last_days":0,"reserved_stock":0,"customer_returns":0,"warehouse_damage":0,"lost_in_post":0,"other_logs":0,"out_stock_days":32,"lost_sales":0,"has_location":false,"update_date":"2026-04-03T00:20:05","atum_locations":[],"atum_stock_status":"outofstock","restock_status":false,"low_stock_amount":"","sales_update_date":"2026-04-03T00:20:05","calc_backorders":null,"yoast_head":"<!-- This site is optimized with the Yoast SEO plugin v24.2 - https:\/\/yoast.com\/wordpress\/plugins\/seo\/ -->\n<title>Peak Casual Shoes Magnetic Gray - Peak Sport Alg\u00e9rie -<\/title>\n<meta name=\"description\" content=\"Peak Casual Shoes Magnetic Gray - Abderrahmane\" \/>\n<meta name=\"robots\" content=\"index, follow, max-snippet:-1, max-image-preview:large, max-video-preview:-1\" \/>\n<link rel=\"canonical\" href=\"https:\/\/peakalgerie.com\/fr\/produit\/peak-casual-shoes-magnetic-gray\/\" \/>\n<meta property=\"og:locale\" content=\"fr_FR\" \/>\n<meta property=\"og:type\" content=\"article\" \/>\n<meta property=\"og:title\" content=\"Peak Casual Shoes Magnetic Gray - Peak Sport Alg\u00e9rie -\" \/>\n<meta property=\"og:description\" content=\"Peak Casual Shoes Magnetic Gray - Abderrahmane\" \/>\n<meta property=\"og:url\" content=\"https:\/\/peakalgerie.com\/fr\/produit\/peak-casual-shoes-magnetic-gray\/\" \/>\n<meta property=\"og:site_name\" content=\"Peak Sport Alg\u00e9rie\" \/>\n<meta property=\"article:publisher\" content=\"https:\/\/www.facebook.com\/AIRSTREETDZ\/\" \/>\n<meta property=\"article:modified_time\" content=\"2026-03-16T07:00:22+00:00\" \/>\n<meta property=\"og:image\" content=\"https:\/\/peakalgerie.com\/wp-content\/uploads\/2024\/01\/ET34387E-009D.jpg\" \/>\n\t<meta property=\"og:image:width\" content=\"1000\" \/>\n\t<meta property=\"og:image:height\" content=\"1000\" \/>\n\t<meta property=\"og:image:type\" content=\"image\/jpeg\" \/>\n<meta name=\"twitter:card\" content=\"summary_large_image\" \/>\n<script type=\"application\/ld+json\" class=\"yoast-schema-graph\">{\"@context\":\"https:\/\/schema.org\",\"@graph\":[{\"@type\":\"WebPage\",\"@id\":\"https:\/\/peakalgerie.com\/fr\/produit\/peak-casual-shoes-magnetic-gray\/\",\"url\":\"https:\/\/peakalgerie.com\/fr\/produit\/peak-casual-shoes-magnetic-gray\/\",\"name\":\"Peak Casual Shoes Magnetic Gray - Peak Sport Alg\u00e9rie -\",\"isPartOf\":{\"@id\":\"https:\/\/peakalgerie.com\/fr\/#website\"},\"primaryImageOfPage\":{\"@id\":\"https:\/\/peakalgerie.com\/fr\/produit\/peak-casual-shoes-magnetic-gray\/#primaryimage\"},\"image\":{\"@id\":\"https:\/\/peakalgerie.com\/fr\/produit\/peak-casual-shoes-magnetic-gray\/#primaryimage\"},\"thumbnailUrl\":\"https:\/\/peakalgerie.com\/wp-content\/uploads\/2024\/01\/ET34387E-009D.jpg\",\"datePublished\":\"2024-01-16T09:41:33+00:00\",\"dateModified\":\"2026-03-16T07:00:22+00:00\",\"description\":\"Peak Casual Shoes Magnetic Gray - Abderrahmane\",\"breadcrumb\":{\"@id\":\"https:\/\/peakalgerie.com\/fr\/produit\/peak-casual-shoes-magnetic-gray\/#breadcrumb\"},\"inLanguage\":\"fr-FR\",\"potentialAction\":[{\"@type\":\"ReadAction\",\"target\":[\"https:\/\/peakalgerie.com\/fr\/produit\/peak-casual-shoes-magnetic-gray\/\"]}]},{\"@type\":\"ImageObject\",\"inLanguage\":\"fr-FR\",\"@id\":\"https:\/\/peakalgerie.com\/fr\/produit\/peak-casual-shoes-magnetic-gray\/#primaryimage\",\"url\":\"https:\/\/peakalgerie.com\/wp-content\/uploads\/2024\/01\/ET34387E-009D.jpg\",\"contentUrl\":\"https:\/\/peakalgerie.com\/wp-content\/uploads\/2024\/01\/ET34387E-009D.jpg\",\"width\":1000,\"height\":1000,\"caption\":\"Et34387e 009d\"},{\"@type\":\"BreadcrumbList\",\"@id\":\"https:\/\/peakalgerie.com\/fr\/produit\/peak-casual-shoes-magnetic-gray\/#breadcrumb\",\"itemListElement\":[{\"@type\":\"ListItem\",\"position\":1,\"name\":\"Accueil\",\"item\":\"https:\/\/peakalgerie.com\/fr\/\"},{\"@type\":\"ListItem\",\"position\":2,\"name\":\"Shop\",\"item\":\"https:\/\/peakalgerie.com\/fr\/boutique\/\"},{\"@type\":\"ListItem\",\"position\":3,\"name\":\"Peak Casual Shoes Magnetic Gray\"}]},{\"@type\":\"WebSite\",\"@id\":\"https:\/\/peakalgerie.com\/fr\/#website\",\"url\":\"https:\/\/peakalgerie.com\/fr\/\",\"name\":\"Peak Sport Alg\u00e9rie\",\"description\":\"Peak Sports : Top Performance\",\"publisher\":{\"@id\":\"https:\/\/peakalgerie.com\/fr\/#organization\"},\"potentialAction\":[{\"@type\":\"SearchAction\",\"target\":{\"@type\":\"EntryPoint\",\"urlTemplate\":\"https:\/\/peakalgerie.com\/fr\/?s={search_term_string}\"},\"query-input\":{\"@type\":\"PropertyValueSpecification\",\"valueRequired\":true,\"valueName\":\"search_term_string\"}}],\"inLanguage\":\"fr-FR\"},{\"@type\":\"Organization\",\"@id\":\"https:\/\/peakalgerie.com\/fr\/#organization\",\"name\":\"AIR STREET\",\"url\":\"https:\/\/peakalgerie.com\/fr\/\",\"logo\":{\"@type\":\"ImageObject\",\"inLanguage\":\"fr-FR\",\"@id\":\"https:\/\/peakalgerie.com\/fr\/#\/schema\/logo\/image\/\",\"url\":\"https:\/\/peakalgerie.com\/wp-content\/uploads\/2021\/01\/thumbnail_logo-airstreet-web.png\",\"contentUrl\":\"https:\/\/peakalgerie.com\/wp-content\/uploads\/2021\/01\/thumbnail_logo-airstreet-web.png\",\"width\":1280,\"height\":900,\"caption\":\"AIR STREET\"},\"image\":{\"@id\":\"https:\/\/peakalgerie.com\/fr\/#\/schema\/logo\/image\/\"},\"sameAs\":[\"https:\/\/www.facebook.com\/AIRSTREETDZ\/\",\"https:\/\/www.instagram.com\/air_street\/\"]}]}<\/script>\n<!-- \/ Yoast SEO plugin. -->","yoast_head_json":{"title":"Peak Casual Shoes Magnetic Gray - Peak Sport Alg\u00e9rie -","description":"Peak Casual Shoes Magnetic Gray - Abderrahmane","robots":{"index":"index","follow":"follow","max-snippet":"max-snippet:-1","max-image-preview":"max-image-preview:large","max-video-preview":"max-video-preview:-1"},"canonical":"https:\/\/peakalgerie.com\/fr\/produit\/peak-casual-shoes-magnetic-gray\/","og_locale":"fr_FR","og_type":"article","og_title":"Peak Casual Shoes Magnetic Gray - Peak Sport Alg\u00e9rie -","og_description":"Peak Casual Shoes Magnetic Gray - Abderrahmane","og_url":"https:\/\/peakalgerie.com\/fr\/produit\/peak-casual-shoes-magnetic-gray\/","og_site_name":"Peak Sport Alg\u00e9rie","article_publisher":"https:\/\/www.facebook.com\/AIRSTREETDZ\/","article_modified_time":"2026-03-16T07:00:22+00:00","og_image":[{"width":1000,"height":1000,"url":"https:\/\/peakalgerie.com\/wp-content\/uploads\/2024\/01\/ET34387E-009D.jpg","type":"image\/jpeg"}],"twitter_card":"summary_large_image","schema":{"@context":"https:\/\/schema.org","@graph":[{"@type":"WebPage","@id":"https:\/\/peakalgerie.com\/fr\/produit\/peak-casual-shoes-magnetic-gray\/","url":"https:\/\/peakalgerie.com\/fr\/produit\/peak-casual-shoes-magnetic-gray\/","name":"Peak Casual Shoes Magnetic Gray - Peak Sport Alg\u00e9rie -","isPartOf":{"@id":"https:\/\/peakalgerie.com\/fr\/#website"},"primaryImageOfPage":{"@id":"https:\/\/peakalgerie.com\/fr\/produit\/peak-casual-shoes-magnetic-gray\/#primaryimage"},"image":{"@id":"https:\/\/peakalgerie.com\/fr\/produit\/peak-casual-shoes-magnetic-gray\/#primaryimage"},"thumbnailUrl":"https:\/\/peakalgerie.com\/wp-content\/uploads\/2024\/01\/ET34387E-009D.jpg","datePublished":"2024-01-16T09:41:33+00:00","dateModified":"2026-03-16T07:00:22+00:00","description":"Peak Casual Shoes Magnetic Gray - Abderrahmane","breadcrumb":{"@id":"https:\/\/peakalgerie.com\/fr\/produit\/peak-casual-shoes-magnetic-gray\/#breadcrumb"},"inLanguage":"fr-FR","potentialAction":[{"@type":"ReadAction","target":["https:\/\/peakalgerie.com\/fr\/produit\/peak-casual-shoes-magnetic-gray\/"]}]},{"@type":"ImageObject","inLanguage":"fr-FR","@id":"https:\/\/peakalgerie.com\/fr\/produit\/peak-casual-shoes-magnetic-gray\/#primaryimage","url":"https:\/\/peakalgerie.com\/wp-content\/uploads\/2024\/01\/ET34387E-009D.jpg","contentUrl":"https:\/\/peakalgerie.com\/wp-content\/uploads\/2024\/01\/ET34387E-009D.jpg","width":1000,"height":1000,"caption":"Et34387e 009d"},{"@type":"BreadcrumbList","@id":"https:\/\/peakalgerie.com\/fr\/produit\/peak-casual-shoes-magnetic-gray\/#breadcrumb","itemListElement":[{"@type":"ListItem","position":1,"name":"Accueil","item":"https:\/\/peakalgerie.com\/fr\/"},{"@type":"ListItem","position":2,"name":"Shop","item":"https:\/\/peakalgerie.com\/fr\/boutique\/"},{"@type":"ListItem","position":3,"name":"Peak Casual Shoes Magnetic Gray"}]},{"@type":"WebSite","@id":"https:\/\/peakalgerie.com\/fr\/#website","url":"https:\/\/peakalgerie.com\/fr\/","name":"Peak Sport Alg\u00e9rie","description":"Peak Sports : Top Performance","publisher":{"@id":"https:\/\/peakalgerie.com\/fr\/#organization"},"potentialAction":[{"@type":"SearchAction","target":{"@type":"EntryPoint","urlTemplate":"https:\/\/peakalgerie.com\/fr\/?s={search_term_string}"},"query-input":{"@type":"PropertyValueSpecification","valueRequired":true,"valueName":"search_term_string"}}],"inLanguage":"fr-FR"},{"@type":"Organization","@id":"https:\/\/peakalgerie.com\/fr\/#organization","name":"AIR STREET","url":"https:\/\/peakalgerie.com\/fr\/","logo":{"@type":"ImageObject","inLanguage":"fr-FR","@id":"https:\/\/peakalgerie.com\/fr\/#\/schema\/logo\/image\/","url":"https:\/\/peakalgerie.com\/wp-content\/uploads\/2021\/01\/thumbnail_logo-airstreet-web.png","contentUrl":"https:\/\/peakalgerie.com\/wp-content\/uploads\/2021\/01\/thumbnail_logo-airstreet-web.png","width":1280,"height":900,"caption":"AIR STREET"},"image":{"@id":"https:\/\/peakalgerie.com\/fr\/#\/schema\/logo\/image\/"},"sameAs":["https:\/\/www.facebook.com\/AIRSTREETDZ\/","https:\/\/www.instagram.com\/air_street\/"]}]}},"brands":[{"id":1635,"name":"PEAK","slug":"marque-peak-sport"}],"_links":{"self":[{"href":"https:\/\/peakalgerie.com\/fr\/wp-json\/wp\/v2\/product\/87816","targetHints":{"allow":["GET"]}}],"collection":[{"href":"https:\/\/peakalgerie.com\/fr\/wp-json\/wp\/v2\/product"}],"about":[{"href":"https:\/\/peakalgerie.com\/fr\/wp-json\/wp\/v2\/types\/product"}],"replies":[{"embeddable":true,"href":"https:\/\/peakalgerie.com\/fr\/wp-json\/wp\/v2\/comments?post=87816"}],"version-history":[{"count":1,"href":"https:\/\/peakalgerie.com\/fr\/wp-json\/wp\/v2\/product\/87816\/revisions"}],"predecessor-version":[{"id":116281,"href":"https:\/\/peakalgerie.com\/fr\/wp-json\/wp\/v2\/product\/87816\/revisions\/116281"}],"wp:featuredmedia":[{"embeddable":true,"href":"https:\/\/peakalgerie.com\/fr\/wp-json\/wp\/v2\/media\/87481"}],"wp:attachment":[{"href":"https:\/\/peakalgerie.com\/fr\/wp-json\/wp\/v2\/media?parent=87816"}],"wp:term":[{"taxonomy":"pwb-brand","embeddable":true,"href":"https:\/\/peakalgerie.com\/fr\/wp-json\/wp\/v2\/pwb-brand?post=87816"},{"taxonomy":"product_brand","embeddable":true,"href":"https:\/\/peakalgerie.com\/fr\/wp-json\/wp\/v2\/product_brand?post=87816"},{"taxonomy":"product_cat","embeddable":true,"href":"https:\/\/peakalgerie.com\/fr\/wp-json\/wp\/v2\/product_cat?post=87816"},{"taxonomy":"product_tag","embeddable":true,"href":"https:\/\/peakalgerie.com\/fr\/wp-json\/wp\/v2\/product_tag?post=87816"}],"curies":[{"name":"wp","href":"https:\/\/api.w.org\/{rel}","templated":true}]}}